{"id":1447,"date":"2024-08-16T13:33:17","date_gmt":"2024-08-16T16:33:17","guid":{"rendered":"https:\/\/citologiala.org\/congresoxxv\/?page_id=1447"},"modified":"2025-07-14T19:11:33","modified_gmt":"2025-07-14T22:11:33","slug":"pre-congress-cytomorphology-tutorial","status":"publish","type":"page","link":"https:\/\/citologiala.org\/congreso-SAC-SLAC-2025\/pre-congress-cytomorphology-tutorial\/","title":{"rendered":"Pre-Congress Cytomorphology Tutorial"},"content":{"rendered":"<section class=\"wpb-content-wrapper\"><p>[vc_row full_width=&#8221;stretch_row_content&#8221; css=&#8221;.vc_custom_1724864843763{background-image: url(https:\/\/citologiala.org\/congreso-SAC-SLAC-2025\/wp-content\/uploads\/2024\/08\/Sin-titulo-960-x-240-px-4.png?id=2042) !important;background-position: center !important;background-repeat: no-repeat !important;background-size: cover !important;}&#8221;][vc_column][vc_column_text]<\/p>\n<p style=\"text-align: center;\"><span style=\"color: #d9d9d9;\"><span style=\"font-size: 36px;\"><strong>Pre-Congress Cytomorphology Tutorial<\/strong><\/span><\/span><\/p>\n<p style=\"text-align: center;\"><span style=\"color: #d9d9d9;\"><span style=\"font-size: 36px;\"><strong>Academia Internacional de Citolog\u00eda (IAC)<\/strong><\/span><\/span><\/p>\n<p style=\"text-align: center;\"><strong><span style=\"color: #d9d9d9;\"><span style=\"font-size: 26px;\">Mi\u00e9rcoles 6 de agosto de 2025<\/span><\/span><\/strong><\/p>\n<p>&nbsp;<\/p>\n<p style=\"text-align: center;\"><span style=\"color: #d9d9d9;\"><span style=\"font-size: 22px;\">Sal\u00f3n GAUD\u00cd | Hotel NH Buenos Aires City | Bol\u00edvar 120, Ciudad Aut\u00f3noma de Buenos Aires, Argentina.<\/span><\/span><\/p>\n<p>[\/vc_column_text][\/vc_column][\/vc_row][vc_row full_width=&#8221;stretch_row&#8221; overflow=&#8221;default&#8221; css=&#8221;.vc_custom_1723826298705{padding-top: 60px !important;padding-bottom: 0px !important;background-color: #ffffff !important;}&#8221; padding_tablet=&#8221;50px 20px 50px 20px&#8221; el_id=&#8221;conferencistas&#8221;][vc_column css=&#8221;.vc_custom_1724634758033{background-color: #f9f9f9 !important;border-radius: 10px !important;}&#8221;][vc_column_text]<\/p>\n<h2 style=\"text-align: center;\"><span style=\"color: #000000;\">MODERADOR<\/span><\/h2>\n<p>[\/vc_column_text][vc_column_text css=&#8221;.vc_custom_1724932664745{background-color: #f9f9f9 !important;border-radius: 10px !important;}&#8221;]<img loading=\"lazy\" decoding=\"async\" class=\" wp-image-1337 alignleft\" src=\"https:\/\/citologiala.org\/congreso-SAC-SLAC-2025\/wp-content\/uploads\/2024\/08\/Syed-Z.-Ali-Fondo-Gris.png\" alt=\"Dr. Syed Ali\" width=\"206\" height=\"209\" \/><span style=\"color: #000000;\"><strong>Syed Z. Ali, MD, FRCPath, FIAC<\/strong><\/span><span style=\"color: #000000;\"><strong>\u00a0<\/strong><\/span> <img decoding=\"async\" style=\"width: 24px; height: 16px; vertical-align: middle; margin-right: 5px;\" src=\"https:\/\/upload.wikimedia.org\/wikipedia\/commons\/a\/a4\/Flag_of_the_United_States.svg\" alt=\"USA Flag\" \/><\/p>\n<p><span style=\"color: #000000;\">Es profesor de Patolog\u00eda y Radiolog\u00eda en la Escuela de Medicina de la Universidad Johns Hopkins y director de la Divisi\u00f3n de Citopatolog\u00eda en el Hospital Johns Hopkins. Ha disertado en 360 conferencias internacionales y dirige importantes tutoriales en citopatolog\u00eda. Public\u00f3 m\u00e1s de 335 art\u00edculos revisados por pares y 35 libros, destac\u00e1ndose su monograf\u00eda sobre el &#8220;Sistema Bethesda para el Reporte de Citopatolog\u00eda Tiroidea&#8221;. Es editor en jefe fundador del Journal of the American Society of Cytopathology (JASC) y ha ocupado diversos cargos en la Sociedad Americana de Citopatolog\u00eda (ASC), incluyendo la presidencia. Actualmente es presidente electo de la Academia Internacional de Citolog\u00eda (IAC) y ha recibido numerosos premios por su contribuci\u00f3n a la citopatolog\u00eda, como el &#8220;LC Tao Educator of the Year Award&#8221; y el &#8220;Papanicolaou Award&#8221;.<\/span>[\/vc_column_text][\/vc_column][\/vc_row][vc_row overflow=&#8221;default&#8221; css=&#8221;.vc_custom_1724933242679{margin-top: 20px !important;margin-bottom: 20px !important;padding-top: 20px !important;padding-bottom: 60px !important;background-color: #f9f9f9 !important;border-radius: 10px !important;}&#8221; padding_tablet=&#8221;20px 0px 0px 0px&#8221;][vc_column padding_tablet=&#8221;0px 0px 45px 0px&#8221;][vc_column_text]<\/p>\n<h2 style=\"text-align: center;\"><strong><span style=\"color: #000000;\">PROGRAMA: Sal\u00f3n GAUD\u00cd<\/span><\/strong><\/h2>\n<h2 style=\"text-align: center;\"><span style=\"color: #000000;\">7:15 a 8:00 hs: Acreditaci\u00f3n y entrega de credenciales\u00a0<\/span><\/h2>\n<p>[\/vc_column_text][vc_column_text css=&#8221;.vc_custom_1752541967977{background-color: #f9f9f9 !important;border-radius: 10px !important;}&#8221;]<strong><span style=\"color: #000000;\"><img loading=\"lazy\" decoding=\"async\" class=\"wp-image-1337 alignleft\" src=\"https:\/\/citologiala.org\/congreso-SAC-SLAC-2025\/wp-content\/uploads\/2024\/08\/Syed-Z.-Ali-Fondo-Gris.png\" alt=\"Dr. Syed Ali\" width=\"100\" height=\"100\" \/><\/span><\/strong><\/p>\n<p>&nbsp;<\/p>\n<p><strong><span style=\"color: #000000;\">08:00 &#8211; Palabras de apertura<\/span><\/strong><br \/>\n<strong><span style=\"color: #000000;\">08:05 &#8211; 09:00 &#8211; Tiroides<br \/>\nDr. Syed Z. Ali. (USA) <img decoding=\"async\" style=\"width: 24px; height: 16px; vertical-align: middle; margin-right: 5px;\" src=\"https:\/\/upload.wikimedia.org\/wikipedia\/commons\/a\/a4\/Flag_of_the_United_States.svg\" alt=\"USA Flag\" \/><\/span><\/strong><\/p>\n<p><strong><span style=\"color: #000000;\"><br \/>\n<img loading=\"lazy\" decoding=\"async\" class=\"wp-image-1340 alignleft\" src=\"https:\/\/citologiala.org\/congreso-SAC-SLAC-2025\/wp-content\/uploads\/2024\/08\/Diana-Rossi-Fondo-Gris.png\" alt=\"Dra. Diana Rossi\" width=\"100\" height=\"100\" \/><\/span><\/strong><\/p>\n<p><strong><span style=\"color: #000000;\"><br \/>\n09:00 &#8211; 09:45 &#8211; Gl\u00e1ndulas Salivales<\/span><\/strong><br \/>\n<strong><span style=\"color: #000000;\">Dra. Diana Rossi. (Italia) <img decoding=\"async\" style=\"width: 24px; height: 16px; vertical-align: middle; margin-right: 5px;\" src=\"https:\/\/upload.wikimedia.org\/wikipedia\/commons\/0\/03\/Flag_of_Italy.svg\" alt=\"Italy Flag\" \/><\/span><\/strong><\/p>\n<p>&nbsp;<\/p>\n<p><strong><span style=\"color: #000000;\">09:45 &#8211; 10:00 &#8211; Coffee Break \u2615<\/span><\/strong><\/p>\n<p>&nbsp;<\/p>\n<p><strong><span style=\"color: #000000;\"><img loading=\"lazy\" decoding=\"async\" class=\" wp-image-1341 alignleft\" src=\"https:\/\/citologiala.org\/congreso-SAC-SLAC-2025\/wp-content\/uploads\/2024\/08\/Dolores-Lozano-Fondo-Gris.png\" alt=\"Dra. Dolores Lozano\" width=\"100\" height=\"102\" \/><\/span><\/strong><\/p>\n<p>&nbsp;<\/p>\n<p><strong><span style=\"color: #000000;\">10:00 &#8211; 11:00 &#8211; Pulm\u00f3n<\/span><\/strong><br \/>\n<strong><span style=\"color: #000000;\">Dra. Mar\u00eda D. Lozano. (Espa\u00f1a) <img decoding=\"async\" style=\"width: 24px; height: 16px; vertical-align: middle; margin-right: 5px;\" src=\"https:\/\/upload.wikimedia.org\/wikipedia\/en\/9\/9a\/Flag_of_Spain.svg\" alt=\"Spain Flag\" \/><\/span><\/strong><\/p>\n<p>&nbsp;<\/p>\n<p><strong><span style=\"color: #000000;\"><img loading=\"lazy\" decoding=\"async\" class=\" wp-image-1333 alignleft\" src=\"https:\/\/citologiala.org\/congreso-SAC-SLAC-2025\/wp-content\/uploads\/2024\/08\/Momin-Fondo-Gris.png\" alt=\"Dr. Momim Siddiqui\" width=\"100\" height=\"100\" \/><\/span><\/strong><\/p>\n<p>&nbsp;<\/p>\n<p><strong><span style=\"color: #000000;\">11:00 &#8211; 12:00 &#8211; P\u00e1ncreas<\/span><\/strong><br \/>\n<strong><span style=\"color: #000000;\">Dr. Momin Siddiqui. (USA) <img decoding=\"async\" style=\"width: 24px; height: 16px; vertical-align: middle; margin-right: 5px;\" src=\"https:\/\/upload.wikimedia.org\/wikipedia\/commons\/a\/a4\/Flag_of_the_United_States.svg\" alt=\"USA Flag\" \/><\/span><\/strong><\/p>\n<p>&nbsp;<\/p>\n<p>&nbsp;<\/p>\n<p><strong><span style=\"color: #000000;\">12:00 &#8211; 13:00 &#8211; Almuerzo \ud83c\udf7d\ufe0f<\/span><\/strong><\/p>\n<p>&nbsp;<\/p>\n<p><strong><span style=\"color: #000000;\"><img loading=\"lazy\" decoding=\"async\" class=\" wp-image-1337 alignleft\" src=\"https:\/\/citologiala.org\/congreso-SAC-SLAC-2025\/wp-content\/uploads\/2024\/08\/Syed-Z.-Ali-Fondo-Gris.png\" alt=\"Dr. Syed Ali\" width=\"100\" height=\"102\" \/><\/span><\/strong><\/p>\n<p>&nbsp;<\/p>\n<p><strong><span style=\"color: #000000;\">13:00 &#8211; 13:45 &#8211; H\u00edgado<\/span><\/strong><br \/>\n<strong><span style=\"color: #000000;\">Dr. Syed Z. Ali. (USA) <img decoding=\"async\" style=\"width: 24px; height: 16px; vertical-align: middle; margin-right: 5px;\" src=\"https:\/\/upload.wikimedia.org\/wikipedia\/commons\/a\/a4\/Flag_of_the_United_States.svg\" alt=\"USA Flag\" \/><\/span><\/strong><\/p>\n<p>&nbsp;<\/p>\n<p><strong><span style=\"color: #000000;\"><img loading=\"lazy\" decoding=\"async\" class=\" wp-image-1342 alignleft\" src=\"https:\/\/citologiala.org\/congreso-SAC-SLAC-2025\/wp-content\/uploads\/2024\/08\/Esperanza-Teuzaba-Fondo-Gris.png\" alt=\"Dra. Esperanza Teuzaba Torres\" width=\"100\" height=\"102\" \/><\/span><\/strong><\/p>\n<p>&nbsp;<\/p>\n<p><strong><span style=\"color: #000000;\">13:45 &#8211; 14:30 &#8211; Mama<\/span><\/strong><br \/>\n<strong><span style=\"color: #000000;\">Dra. Esperanza Teuzaba. (Colombia) <img decoding=\"async\" style=\"width: 24px; height: 16px; vertical-align: middle; margin-right: 5px;\" src=\"https:\/\/upload.wikimedia.org\/wikipedia\/commons\/2\/21\/Flag_of_Colombia.svg\" alt=\"Colombia Flag\" \/><\/span><\/strong><\/p>\n<p>&nbsp;<\/p>\n<p>&nbsp;<\/p>\n<p><strong><span style=\"color: #000000;\">14:30 &#8211; 14:45 &#8211; Coffee Break \u2615<\/span><\/strong><\/p>\n<p>&nbsp;<\/p>\n<p><strong><span style=\"color: #000000;\"><img loading=\"lazy\" decoding=\"async\" class=\" wp-image-1326 alignleft\" src=\"https:\/\/citologiala.org\/congreso-SAC-SLAC-2025\/wp-content\/uploads\/2024\/08\/Daniel-Kurtycz-Fondo-Gris.png\" alt=\"Dr. Daniel Kurtycz\" width=\"100\" height=\"107\" \/><\/span><\/strong><\/p>\n<p>&nbsp;<\/p>\n<p><strong><span style=\"color: #000000;\">14:45 &#8211; 15:30 &#8211; L\u00edquidos serosos<\/span><\/strong><br \/>\n<strong><span style=\"color: #000000;\">Dr. Daniel Kurtycz. (USA) <img decoding=\"async\" style=\"width: 24px; height: 16px; vertical-align: middle; margin-right: 5px;\" src=\"https:\/\/upload.wikimedia.org\/wikipedia\/commons\/a\/a4\/Flag_of_the_United_States.svg\" alt=\"USA Flag\" \/><\/span><\/strong><\/p>\n<p>&nbsp;<\/p>\n<p><strong><span style=\"color: #000000;\"><img loading=\"lazy\" decoding=\"async\" class=\"wp-image-1334 alignleft\" src=\"https:\/\/citologiala.org\/congreso-SAC-SLAC-2025\/wp-content\/uploads\/2024\/08\/Vielh-Philippe-Fondo-Gris.png\" alt=\"Dr. Philippe Vielh\" width=\"100\" height=\"109\" \/><\/span><\/strong><\/p>\n<p>&nbsp;<\/p>\n<p><strong><span style=\"color: #000000;\">15:30 &#8211; 16:15 &#8211; Orina<\/span><\/strong><br \/>\n<strong><span style=\"color: #000000;\">Dr. Philippe <\/span><\/strong><strong><span style=\"color: #000000;\">Vielh. (Francia) <img decoding=\"async\" style=\"width: 24px; height: 16px; vertical-align: middle; margin-right: 5px;\" src=\"https:\/\/upload.wikimedia.org\/wikipedia\/commons\/c\/c3\/Flag_of_France.svg\" alt=\"France Flag\" \/><\/span><\/strong><\/p>\n<p>&nbsp;<\/p>\n<p><strong><span style=\"color: #000000;\"><img loading=\"lazy\" decoding=\"async\" class=\" wp-image-1325 alignleft\" src=\"https:\/\/citologiala.org\/congreso-SAC-SLAC-2025\/wp-content\/uploads\/2024\/08\/Donna-K.-Russell-Fondo-Gris.png\" alt=\"CT. Donna Russell\" width=\"101\" height=\"96\" \/><\/span><\/strong><\/p>\n<p>&nbsp;<\/p>\n<p><strong><span style=\"color: #000000;\">16:15 &#8211; 17:00 &#8211; PAP Test<\/span><\/strong><br \/>\n<strong><span style=\"color: #000000;\">CT. Donna Russell. (USA) <img decoding=\"async\" style=\"width: 24px; height: 16px; vertical-align: middle; margin-right: 5px;\" src=\"https:\/\/upload.wikimedia.org\/wikipedia\/commons\/a\/a4\/Flag_of_the_United_States.svg\" alt=\"USA Flag\" \/><\/span><\/strong>[\/vc_column_text][\/vc_column][\/vc_row][vc_row full_width=&#8221;stretch_row&#8221; overflow=&#8221;default&#8221; css=&#8221;.vc_custom_1724026229212{padding-top: 0px !important;padding-bottom: 0px !important;background-color: #ffffff !important;}&#8221; padding_tablet=&#8221;50px 20px 50px 20px&#8221; el_id=&#8221;inscripciones&#8221;][vc_column][vc_column_text]<\/p>\n<p style=\"text-align: left;\"><span style=\"color: #3c3b3b;\"><span style=\"font-size: 30px;\"><strong>Examen de la Academia Internacional de Citolog\u00eda (IAC) <\/strong><\/span><\/span><\/p>\n<p>[\/vc_column_text][vc_column_text]<\/p>\n<h3><strong>Se llevar\u00e1 a cabo el d\u00eda 9 de Agosto de 2025 a las 9:00 hs (Arg) en el <\/strong><strong>Hotel NH Buenos Aires City sito en la calle Bolivar 160, Ciudad Aut\u00f3noma de Buenos Aires. Aregntina.<\/strong><\/h3>\n<h3 style=\"text-align: left;\"><span style=\"color: #616161;\"><span style=\"font-size: 18px;\">Toda la informaci\u00f3n se encuentra en la p\u00e1gina web de la Academia Internacional de Citolog\u00eda: <a href=\"https:\/\/www.cytology-iac.org\/\"><span style=\"color: #039be5;\"> https:\/\/www.cytology-iac.org\/<\/span> <\/a><\/span><\/span><\/h3>\n<h3 style=\"text-align: left;\"><span style=\"color: #616161;\"><span style=\"font-size: 18px;\">Para Citotecn\u00f3logos: <a href=\"https:\/\/www.cytology-iac.org\/\"><span style=\"color: #039be5;\"> https:\/\/www.cytology-iac.org\/cytotechnologists\/ct-exam-application\/<\/span> <\/a><\/span><\/span><\/h3>\n<h3 style=\"text-align: left;\"><span style=\"color: #616161;\"><span style=\"font-size: 18px;\">Hacer una prueba del examen: <a href=\"https:\/\/www.cytology-iac.org\/\"><span style=\"color: #039be5;\"> https:\/\/www.cytology-iac.org\/iac-mock-exams-have-a-go-at-the-new-digital-format\/<\/span> <\/a><\/span><\/span><\/h3>\n<p style=\"text-align: right;\"><span style=\"color: #616161;\"><span style=\"font-size: 15px;\"><strong>\u00a0<\/strong><\/span><\/span><\/p>\n<p>[\/vc_column_text][vc_btn title=&#8221;EXAMEN IAC&#8221; shape=&#8221;round&#8221; color=&#8221;primary&#8221; align=&#8221;center&#8221; link=&#8221;url:https%3A%2F%2Fcitologiala.org%2Fcongreso-SAC-SLAC-2025%2Fexamen-iac%2F|target:_blank&#8221;][\/vc_column][\/vc_row]<\/p>\n<\/section>","protected":false},"excerpt":{"rendered":"<p>[vc_row full_width=&#8221;stretch_row_content&#8221; css=&#8221;.vc_custom_1724864843763{background-image: url(https:\/\/citologiala.org\/congreso-SAC-SLAC-2025\/wp-content\/uploads\/2024\/08\/Sin-titulo-960-x-240-px-4.png?id=2042) !important;background-position: center !important;background-repeat: no-repeat !important;background-size: cover !important;}&#8221;][vc_column][vc_column_text] Pre-Congress Cytomorphology Tutorial Academia Internacional de Citolog\u00eda (IAC) Mi\u00e9rcoles 6 de agosto de 2025 &nbsp; Sal\u00f3n GAUD\u00cd | Hotel &#8230;<\/p>\n","protected":false},"author":1,"featured_media":0,"parent":0,"menu_order":0,"comment_status":"closed","ping_status":"closed","template":"","meta":{"footnotes":""},"class_list":["post-1447","page","type-page","status-publish","hentry"],"_links":{"self":[{"href":"https:\/\/citologiala.org\/congreso-SAC-SLAC-2025\/wp-json\/wp\/v2\/pages\/1447","targetHints":{"allow":["GET"]}}],"collection":[{"href":"https:\/\/citologiala.org\/congreso-SAC-SLAC-2025\/wp-json\/wp\/v2\/pages"}],"about":[{"href":"https:\/\/citologiala.org\/congreso-SAC-SLAC-2025\/wp-json\/wp\/v2\/types\/page"}],"author":[{"embeddable":true,"href":"https:\/\/citologiala.org\/congreso-SAC-SLAC-2025\/wp-json\/wp\/v2\/users\/1"}],"replies":[{"embeddable":true,"href":"https:\/\/citologiala.org\/congreso-SAC-SLAC-2025\/wp-json\/wp\/v2\/comments?post=1447"}],"version-history":[{"count":64,"href":"https:\/\/citologiala.org\/congreso-SAC-SLAC-2025\/wp-json\/wp\/v2\/pages\/1447\/revisions"}],"predecessor-version":[{"id":2819,"href":"https:\/\/citologiala.org\/congreso-SAC-SLAC-2025\/wp-json\/wp\/v2\/pages\/1447\/revisions\/2819"}],"wp:attachment":[{"href":"https:\/\/citologiala.org\/congreso-SAC-SLAC-2025\/wp-json\/wp\/v2\/media?parent=1447"}],"curies":[{"name":"wp","href":"https:\/\/api.w.org\/{rel}","templated":true}]}}