{"id":1471,"date":"2024-08-16T14:35:51","date_gmt":"2024-08-16T17:35:51","guid":{"rendered":"https:\/\/citologiala.org\/congresoxxv\/?page_id=1471"},"modified":"2024-09-27T07:40:35","modified_gmt":"2024-09-27T10:40:35","slug":"taller-de-imagenes-de-ginecopatologia","status":"publish","type":"page","link":"https:\/\/citologiala.org\/congreso-SAC-SLAC-2025\/taller-de-imagenes-de-ginecopatologia\/","title":{"rendered":"Taller de Im\u00e1genes de Ginecopatolog\u00eda"},"content":{"rendered":"<section class=\"wpb-content-wrapper\"><p>[vc_row full_width=&#8221;stretch_row_content&#8221; css=&#8221;.vc_custom_1724858118331{background-image: url(https:\/\/citologiala.org\/congreso-SAC-SLAC-2025\/wp-content\/uploads\/2024\/08\/Sin-titulo-960-x-240-px4.png?id=2095) !important;background-position: center !important;background-repeat: no-repeat !important;background-size: cover !important;}&#8221;][vc_column][vc_column_text]<\/p>\n<p style=\"text-align: center;\"><span style=\"color: #d9d9d9;\"><span style=\"font-size: 36px;\"><strong>Taller de Im\u00e1genes de Ginecopatolog\u00eda<\/strong><\/span><\/span><\/p>\n<p style=\"text-align: center;\"><span style=\"color: #d9d9d9;\"><span style=\"font-size: 26px;\"><strong>Martes 5 de agosto de 2025<\/strong><\/span><\/span><\/p>\n<p>&nbsp;<\/p>\n<p style=\"text-align: center;\"><span style=\"color: #d9d9d9;\"><span style=\"font-size: 22px;\">Sal\u00f3n GOYA | Hotel NH Buenos Aires City | Bol\u00edvar 120, Ciudad Aut\u00f3noma de Buenos Aires, Argentina.<\/span><\/span><\/p>\n<p>[\/vc_column_text][\/vc_column][\/vc_row][vc_row full_width=&#8221;stretch_row&#8221; overflow=&#8221;default&#8221; css=&#8221;.vc_custom_1725025768182{padding-bottom: 0px !important;background-color: #ffffff !important;}&#8221; padding_tablet=&#8221;50px 20px 50px 20px&#8221; el_id=&#8221;conferencistas&#8221;][vc_column css=&#8221;.vc_custom_1725025747064{margin-top: 15px !important;margin-bottom: 10px !important;background-color: #f9f9f9 !important;border-radius: 10px !important;}&#8221;][vc_column_text css=&#8221;.vc_custom_1724724745246{background-color: #f9f9f9 !important;}&#8221;]<\/p>\n<h2 style=\"text-align: center;\"><strong>MODERADORES<\/strong><\/h2>\n<p>[\/vc_column_text][vc_column_text css=&#8221;.vc_custom_1724862656732{background-color: #f9f9f9 !important;}&#8221;]<strong><img loading=\"lazy\" decoding=\"async\" class=\"wp-image-2220 alignleft\" src=\"https:\/\/citologiala.org\/congreso-SAC-SLAC-2025\/wp-content\/uploads\/2024\/08\/Rosa-Laudi-Fondo-Gris.png\" alt=\"\" width=\"124\" height=\"124\" \/><\/strong><\/p>\n<p><strong><span style=\"color: #000000;\">Dra. Rosa Laudi\u00a0 <\/span><\/strong><img loading=\"lazy\" decoding=\"async\" class=\"alignnone\" src=\"https:\/\/upload.wikimedia.org\/wikipedia\/commons\/1\/1a\/Flag_of_Argentina.svg\" alt=\"Argentina Flag\" width=\"23\" height=\"14\" \/><\/p>\n<p><span style=\"color: #000000;\">Asesora del Servicio de Patolog\u00eda del Hospital General de Agudos &#8220;Jos\u00e9 Mar\u00eda Ramos Mej\u00eda&#8221; y ex presidenta de la SAC. Forma parte de las Comisiones Directivas de la SAC y SLAC, y es docente en la Carrera de M\u00e9dico Especialista en Patolog\u00eda (UBA).<\/span>[\/vc_column_text][vc_empty_space][vc_column_text]<strong><img loading=\"lazy\" decoding=\"async\" class=\"wp-image-2221 size-full alignleft\" src=\"https:\/\/citologiala.org\/congreso-SAC-SLAC-2025\/wp-content\/uploads\/2024\/08\/Luiz-M-Collaco-Fondo-Gris.png\" alt=\"\" width=\"124\" height=\"124\" srcset=\"https:\/\/citologiala.org\/congreso-SAC-SLAC-2025\/wp-content\/uploads\/2024\/08\/Luiz-M-Collaco-Fondo-Gris.png 275w, https:\/\/citologiala.org\/congreso-SAC-SLAC-2025\/wp-content\/uploads\/2024\/08\/Luiz-M-Collaco-Fondo-Gris-150x150.png 150w\" sizes=\"auto, (max-width: 124px) 100vw, 124px\" \/><span style=\"color: #000000;\">Dr. Luiz M Colla\u00e7o <\/span><\/strong>\u00a0<img loading=\"lazy\" decoding=\"async\" class=\"\" src=\"https:\/\/upload.wikimedia.org\/wikipedia\/commons\/0\/05\/Flag_of_Brazil.svg\" alt=\"Brazil Flag\" width=\"25\" height=\"18\" \/><\/p>\n<p><span style=\"color: #000000;\">Pat\u00f3logo y citopat\u00f3logo con maestr\u00eda y doctorado en Medicina por la Universidad Federal del Paran\u00e1. Es fellow de la Academia Internacional de Citolog\u00eda y miembro de SLAC y de la Sociedad Brasile\u00f1a de Citopatolog\u00eda. Tambi\u00e9n es profesor de Histolog\u00eda y Patolog\u00eda en la Facultad Evang\u00e9lica Mackenzie do Paran\u00e1.<\/span>[\/vc_column_text][\/vc_column][\/vc_row][vc_row full_width=&#8221;stretch_row&#8221; overflow=&#8221;default&#8221; css=&#8221;.vc_custom_1725025890125{margin-top: 10px !important;margin-bottom: 10px !important;padding-top: 0px !important;padding-bottom: 0px !important;background-color: #ffffff !important;}&#8221; padding_tablet=&#8221;50px 20px 50px 20px&#8221; el_id=&#8221;objetivos&#8221;][vc_column css=&#8221;.vc_custom_1725025841462{margin-top: px !important;background-color: #f9f9f9 !important;border-radius: 10px !important;}&#8221;][vc_column_text css=&#8221;.vc_custom_1724627942406{background-color: #f9f9f9 !important;}&#8221;]<\/p>\n<h2 style=\"text-align: center;\"><strong>OBJETIVOS<\/strong><\/h2>\n<p>[\/vc_column_text][vc_column_text]<span style=\"color: #000000;\">La actividad <strong>\u201cTaller de Im\u00e1genes de Ginecopatolog\u00eda\u201d<\/strong> tendr\u00e1 como objetivo establecer conceptos y criterios; y trabajar diagn\u00f3sticos diferenciales mediante un ejercicio conjunto en el \u00e1mbito de la citopatolog\u00eda ginecol\u00f3gica.<\/span><\/p>\n<p><span style=\"color: #000000;\"><strong>HORARIO<\/strong><\/span><\/p>\n<ul>\n<li><span style=\"color: #000000;\">1\u00b0 Grupo: de 9:00 a 13:00 horas.<\/span><\/li>\n<li><span style=\"color: #000000;\">2\u00b0 Grupo: de 14:00 a 18:00 horas.<\/span><\/li>\n<\/ul>\n<p><span style=\"color: #000000;\"><strong>EJES TEM\u00c1TICOS<\/strong><\/span><br \/>\n<span style=\"color: #000000;\">El taller desarrollar\u00e1 dos ejes tem\u00e1ticos:<\/span><\/p>\n<p><span style=\"color: #000000;\">1. Cambios en las c\u00e9lulas escamosas.<\/span><\/p>\n<p><span style=\"color: #000000;\">2. Cambios glandulares.<\/span><\/p>\n<p><span style=\"color: #000000;\"><strong>MODALIDAD<\/strong><\/span><br \/>\n<span style=\"color: #000000;\">1. Se les proveer\u00e1 a los participantes de una hoja de c\u00e1lculo con 4 opciones diagn\u00f3sticas.<\/span><br \/>\n<span style=\"color: #000000;\">2. Se proyectar\u00e1n im\u00e1genes problema.<\/span><br \/>\n<span style=\"color: #000000;\">3. Los participantes deber\u00e1n marcar su opini\u00f3n diagn\u00f3stica en la hoja de c\u00e1lculo.<\/span><br \/>\n<span style=\"color: #000000;\">4. Luego, junto a los profesores:<\/span><\/p>\n<ul>\n<li><span style=\"color: #000000;\">Se discutir\u00e1n los casos,<\/span><\/li>\n<li><span style=\"color: #000000;\">Se realizar\u00e1 el diagn\u00f3stico,<\/span><\/li>\n<li><span style=\"color: #000000;\">Y se describir\u00e1n brevemente los criterios morfol\u00f3gicos basados en el Sistema Bethesda.<\/span><\/li>\n<\/ul>\n<p><span style=\"color: #000000;\"><strong>CERTIFICACI\u00d3N<\/strong><\/span><br \/>\n<span style=\"color: #000000;\">Asisti\u00f3 al Curso Taller denominado: \u201cTaller de Im\u00e1genes de Ginecopatolog\u00eda\u201d.<\/span><br \/>\n<span style=\"color: #000000;\">Sociedades que certifican: SAC\/SLAC.<\/span><br \/>\n<span style=\"color: #000000;\">Horas acad\u00e9micas: 4 horas.<\/span><\/p>\n<p><span style=\"color: #000000;\"><strong>CUPO DE PARTICIPANTES<br \/>\n<\/strong>N\u00famero TOTAL de participantes: 60 (sesenta), los que deber\u00e1n estar previamente registrados.<\/span><br \/>\n<span style=\"color: #000000;\">Grupos de trabajo: 4 grupos de trabajo de 15 (quince) participantes cada uno.<\/span>[\/vc_column_text][\/vc_column][\/vc_row][vc_row full_width=&#8221;stretch_row&#8221; overflow=&#8221;default&#8221; css=&#8221;.vc_custom_1725025976606{margin-top: 10px !important;padding-top: 0px !important;padding-bottom: 0px !important;background-color: #ffffff !important;}&#8221; padding_tablet=&#8221;50px 20px 50px 20px&#8221;][vc_column css=&#8221;.vc_custom_1725025926885{margin-top: px !important;background-color: #f9f9f9 !important;border-radius: 10px !important;}&#8221;][vc_column_text]<\/p>\n<h2 style=\"text-align: center;\"><strong>INSCRIPCIONES<\/strong><\/h2>\n<p>[\/vc_column_text][vc_column_text]<\/p>\n<p style=\"text-align: left;\"><span style=\"color: #03833d;\"><strong><br \/>\nFECHA L\u00cdMITE DE INSCRIPCI\u00d3N: 11 DE JULIO DE 2025<\/strong><\/span><\/p>\n<p style=\"text-align: left;\"><span style=\"color: #000000;\"><strong><br \/>\nARANCELES para quienes residan tanto en Argentina como en el extranjero:<\/strong><\/span><\/p>\n<p style=\"text-align: left;\"><span style=\"color: #000000;\"><strong>Socio SAC\/SLAC<\/strong>: USD 25.- (\u00fanico arancel en un solo pago).<\/span><br \/>\n<span style=\"color: #000000;\"><strong>NO socio SAC\/SLAC<\/strong>: USD 50.- (\u00fanico arancel en un solo pago).<\/span><\/p>\n<p>&nbsp;<\/p>\n<p><span style=\"color: #03833d;\"><strong>FORMAS DE PAGO PARA QUIENES RESIDAN EN ARGENTINA:<\/strong><\/span><\/p>\n<p><span style=\"color: #000000;\"><strong>1. TRANSFERENCIA o Dep\u00f3sito en Cuenta Corriente<\/strong>. (Solo se aceptan transferencias realizadas desde Argentina)<\/span><\/p>\n<p><span style=\"color: #000000;\">DATOS CUENTA BANCARIA<\/span><\/p>\n<p><span style=\"color: #000000;\">Cuenta corriente en pesos argentinos<\/span><br \/>\n<span style=\"color: #000000;\">Banco Macro Sucursal Av. C\u00f3rdoba<\/span><br \/>\n<span style=\"color: #000000;\">Cuenta corriente 353609410114710<\/span><br \/>\n<span style=\"color: #000000;\">CBU 2850536-7 3009410114710-1<\/span><br \/>\n<span style=\"color: #000000;\">ALIAS: CITOLOGIA.SAC<\/span><br \/>\n<span style=\"color: #000000;\">CUIT: 30-65176821-3<\/span><\/p>\n<p><span style=\"color: #000000;\"><strong>2. TARJETA DE CR\u00c9DITO (Visa o Mastercard)<br \/>\n<\/strong><\/span><span style=\"color: #000000;\">Socios SAC, por favor completar en la ficha de inscripci\u00f3n la tarjeta con la que se le debita la cuota societaria.<\/span><\/p>\n<p><span style=\"color: #000000;\"><strong>3. LINK DE PAGO.<\/strong><\/span><br \/>\n<span style=\"color: #000000;\">Hemos incorporado como forma de pago un link que les permitir\u00e1 abonar con tarjeta de d\u00e9bito o cr\u00e9dito en un solo pago.<\/span><\/p>\n<p>&nbsp;<\/p>\n<p><span style=\"color: #03833d;\"><strong>FORMAS DE PAGO PARA QUIENES RESIDAN EN EL EXTRANJERO:<br \/>\n<\/strong><\/span><\/p>\n<p><span style=\"color: #000000;\"><strong>\u2022 LINK DE PAGO (como \u00fanica modalidad)<\/strong><\/span><br \/>\n<span style=\"color: #000000;\">Hemos incorporado como forma de pago un link que les permitir\u00e1 abonar con tarjeta de cr\u00e9dito en un solo pago, desde su lugar de residencia.<\/span><\/p>\n<p><span style=\"color: #000000;\">\u00a0<\/span><\/p>\n<p><span style=\"color: #03833d;\"><strong>POL\u00cdTICAS DE CANCELACI\u00d3N<\/strong><\/span><br \/>\n<span style=\"color: #000000;\">Si desea cancelar su inscripci\u00f3n debe enviar un correo a: sociedadcitologia@gmail.com<\/span><br \/>\n<span style=\"color: #000000;\">Las inscripciones podr\u00e1n ser canceladas antes del 02 de junio 2025.<\/span><br \/>\n<span style=\"color: #000000;\">Los importes se reembolsar\u00e1n con un 20% menos, en concepto de gastos administrativos.<\/span><br \/>\n<span style=\"color: #000000;\">IMPORTANTE: Los reembolsos se realizar\u00e1n 30 d\u00edas posteriores a la finalizaci\u00f3n del congreso.<\/span><br \/>\n<span style=\"color: #000000;\">No se realizar\u00e1n devoluciones por inscripciones recibidas a partir del 03 de junio de 2025.<\/span>[\/vc_column_text][\/vc_column][\/vc_row][vc_row full_width=&#8221;stretch_row&#8221; overflow=&#8221;default&#8221; css=&#8221;.vc_custom_1725026032992{margin-top: 10px !important;margin-bottom: 15px !important;padding-top: 0px !important;padding-bottom: 0px !important;background-color: #ffffff !important;}&#8221; padding_tablet=&#8221;50px 20px 50px 20px&#8221;][vc_column css=&#8221;.vc_custom_1725025955926{background-color: #f9f9f9 !important;border-radius: 10px !important;}&#8221;][vc_column_text css=&#8221;.vc_custom_1724862462764{background-color: #f9f9f9 !important;border-radius: 10px !important;}&#8221;]<img loading=\"lazy\" decoding=\"async\" class=\"wp-image-2222 alignleft\" src=\"https:\/\/citologiala.org\/congreso-SAC-SLAC-2025\/wp-content\/uploads\/2024\/08\/Pay-Fondo-Gris.png\" alt=\"\" width=\"145\" height=\"145\" srcset=\"https:\/\/citologiala.org\/congreso-SAC-SLAC-2025\/wp-content\/uploads\/2024\/08\/Pay-Fondo-Gris.png 275w, https:\/\/citologiala.org\/congreso-SAC-SLAC-2025\/wp-content\/uploads\/2024\/08\/Pay-Fondo-Gris-150x150.png 150w\" sizes=\"auto, (max-width: 145px) 100vw, 145px\" \/><strong><span style=\"color: #000000;\">Para abonar como SOCIO es necesario asociarse antes del 01\/01\/2025.<\/span><\/strong><\/p>\n<p><span style=\"color: #000000;\">Si <strong>NO<\/strong> sos socio <strong>SAC o SLAC<\/strong> y quer\u00e9s obtener la bonificaci\u00f3n en la inscripci\u00f3n al congreso como socio de la <strong>Sociedad Argentina de Citolog\u00eda (SAC)<\/strong> consult\u00e1 el siguiente link con los requisitos para asociarte: <a style=\"color: #000000;\" href=\"https:\/\/sociedaddecitologia.org.ar\/asociarte-2\/\"><strong><span style=\"color: #3366ff;\">https:\/\/sociedaddecitologia.org.ar\/asociarte-2\/<\/span><\/strong><\/a><\/span><\/p>\n<p><span style=\"color: #000000;\">Si <strong>NO <\/strong>sos socio <strong>SAC o SLAC<\/strong> y quer\u00e9s obtener la bonificaci\u00f3n en la inscripci\u00f3n al congreso como socio de la <strong>Sociedad Latinoamericana de Citopatolog\u00eda<\/strong> <strong>(SLAC)<\/strong> consult\u00e1 el siguiente link con los requisitos para asociarte: <a style=\"color: #000000;\" href=\"https:\/\/citologiala.org\/registro\/\"><strong><span style=\"color: #3366ff;\">https:\/\/citologiala.org\/registro\/<\/span><\/strong><\/a><\/span>[\/vc_column_text][\/vc_column][\/vc_row][vc_row][vc_column][vc_text_separator title=&#8221;COMPLETE LA FICHA DE INSCRIPCI\u00d3N AQU\u00cd&#8221;][\/vc_column][\/vc_row][vc_row][vc_column][vc_btn title=&#8221;FICHA DE INSCRIPCI\u00d3N&#8221; shape=&#8221;round&#8221; color=&#8221;primary&#8221; align=&#8221;center&#8221; link=&#8221;url:https%3A%2F%2Fdocs.google.com%2Fforms%2Fd%2Fe%2F1FAIpQLSdVQqr3EDSPYso7S9mf7HsWy8_3ouWEtQcYD8fYzzXY-kcjxQ%2Fviewform|target:_blank&#8221;][\/vc_column][\/vc_row]<\/p>\n<\/section>","protected":false},"excerpt":{"rendered":"<p>[vc_row full_width=&#8221;stretch_row_content&#8221; css=&#8221;.vc_custom_1724858118331{background-image: url(https:\/\/citologiala.org\/congreso-SAC-SLAC-2025\/wp-content\/uploads\/2024\/08\/Sin-titulo-960-x-240-px4.png?id=2095) !important;background-position: center !important;background-repeat: no-repeat !important;background-size: cover !important;}&#8221;][vc_column][vc_column_text] Taller de Im\u00e1genes de Ginecopatolog\u00eda Martes 5 de agosto de 2025 &nbsp; Sal\u00f3n GOYA | Hotel NH Buenos Aires &#8230;<\/p>\n","protected":false},"author":1,"featured_media":0,"parent":0,"menu_order":0,"comment_status":"closed","ping_status":"closed","template":"","meta":{"footnotes":""},"class_list":["post-1471","page","type-page","status-publish","hentry"],"_links":{"self":[{"href":"https:\/\/citologiala.org\/congreso-SAC-SLAC-2025\/wp-json\/wp\/v2\/pages\/1471","targetHints":{"allow":["GET"]}}],"collection":[{"href":"https:\/\/citologiala.org\/congreso-SAC-SLAC-2025\/wp-json\/wp\/v2\/pages"}],"about":[{"href":"https:\/\/citologiala.org\/congreso-SAC-SLAC-2025\/wp-json\/wp\/v2\/types\/page"}],"author":[{"embeddable":true,"href":"https:\/\/citologiala.org\/congreso-SAC-SLAC-2025\/wp-json\/wp\/v2\/users\/1"}],"replies":[{"embeddable":true,"href":"https:\/\/citologiala.org\/congreso-SAC-SLAC-2025\/wp-json\/wp\/v2\/comments?post=1471"}],"version-history":[{"count":116,"href":"https:\/\/citologiala.org\/congreso-SAC-SLAC-2025\/wp-json\/wp\/v2\/pages\/1471\/revisions"}],"predecessor-version":[{"id":2530,"href":"https:\/\/citologiala.org\/congreso-SAC-SLAC-2025\/wp-json\/wp\/v2\/pages\/1471\/revisions\/2530"}],"wp:attachment":[{"href":"https:\/\/citologiala.org\/congreso-SAC-SLAC-2025\/wp-json\/wp\/v2\/media?parent=1471"}],"curies":[{"name":"wp","href":"https:\/\/api.w.org\/{rel}","templated":true}]}}