{"id":1510,"date":"2024-08-16T15:43:43","date_gmt":"2024-08-16T18:43:43","guid":{"rendered":"https:\/\/citologiala.org\/congresoxxv\/?page_id=1510"},"modified":"2025-02-28T07:37:28","modified_gmt":"2025-02-28T10:37:28","slug":"taller-de-citologia-intervencionista","status":"publish","type":"page","link":"https:\/\/citologiala.org\/congreso-SAC-SLAC-2025\/taller-de-citologia-intervencionista\/","title":{"rendered":"Taller de Citolog\u00eda Intervencionista"},"content":{"rendered":"<section class=\"wpb-content-wrapper\"><p>[vc_row full_width=&#8221;stretch_row_content&#8221; css=&#8221;.vc_custom_1724857893490{background-image: url(https:\/\/citologiala.org\/congreso-SAC-SLAC-2025\/wp-content\/uploads\/2024\/08\/Sin-titulo-960-x-240-px1.png?id=2073) !important;background-position: center !important;background-repeat: no-repeat !important;background-size: cover !important;}&#8221;][vc_column][vc_column_text]<\/p>\n<p style=\"text-align: center;\"><span style=\"color: #d9d9d9;\"><span style=\"font-size: 36px;\"><strong>Taller de Citolog\u00eda Intervencionista<\/strong><\/span><\/span><\/p>\n<p style=\"text-align: center;\"><span style=\"color: #d9d9d9;\"><span style=\"font-size: 26px;\"><strong>Martes 5 de agosto de 2025<\/strong><\/span><\/span><\/p>\n<p>&nbsp;<\/p>\n<p style=\"text-align: center;\"><span style=\"color: #d9d9d9;\"><span style=\"font-size: 22px;\">Sal\u00f3n DA VINCI | Hotel NH Buenos Aires City | Bol\u00edvar 120, Ciudad Aut\u00f3noma de Buenos Aires, Argentina.<\/span><\/span><\/p>\n<p>[\/vc_column_text][\/vc_column][\/vc_row][vc_row full_width=&#8221;stretch_row&#8221; content_placement=&#8221;middle&#8221; overflow=&#8221;default&#8221; css=&#8221;.vc_custom_1724762413802{padding-top: 60px !important;padding-bottom: 0px !important;background-color: #ffffff !important;}&#8221; padding_tablet=&#8221;50px 20px 50px 20px&#8221; el_id=&#8221;conferencistas&#8221;][vc_column css=&#8221;.vc_custom_1724628236155{background-color: #f9f9f9 !important;border-radius: 10px !important;}&#8221;][vc_column_text]<\/p>\n<h2 style=\"text-align: center;\"><span style=\"color: #000000;\"><strong>PROFESORES PRINCIPALES<\/strong><\/span><\/h2>\n<p>[\/vc_column_text][vc_column_text]<span style=\"color: #000000;\"><strong><img loading=\"lazy\" decoding=\"async\" class=\"wp-image-2208 alignleft\" src=\"https:\/\/citologiala.org\/congreso-SAC-SLAC-2025\/wp-content\/uploads\/2024\/08\/Bardales-Fondo-Gris.png\" alt=\"\" width=\"124\" height=\"124\" srcset=\"https:\/\/citologiala.org\/congreso-SAC-SLAC-2025\/wp-content\/uploads\/2024\/08\/Bardales-Fondo-Gris.png 275w, https:\/\/citologiala.org\/congreso-SAC-SLAC-2025\/wp-content\/uploads\/2024\/08\/Bardales-Fondo-Gris-150x150.png 150w\" sizes=\"auto, (max-width: 124px) 100vw, 124px\" \/><\/strong><\/span><\/p>\n<p><span style=\"color: #000000;\"><strong>Ricardo Hilarion Bardales, MD, FIAC, ECNU\u00a0 <\/strong><\/span><img loading=\"lazy\" decoding=\"async\" class=\"\" src=\"https:\/\/upload.wikimedia.org\/wikipedia\/commons\/c\/cf\/Flag_of_Peru.svg\" width=\"23\" height=\"15\" \/><\/p>\n<p><span style=\"color: #000000;\">Es m\u00e9dico pat\u00f3logo especializado en ultrasonido y aspiraci\u00f3n con aguja fina guiada por ultrasonido, con experiencia en citolog\u00eda cl\u00ednica y patolog\u00eda quir\u00fargica. Ha sido Director del Servicio de Citopatolog\u00eda Intervencionista en Sacramento y profesor en varias universidades. Ha recibido premios internacionales y es orador frecuente en conferencias globales. Ha publicado extensamente, incluyendo 8 libros y m\u00e1s de 75 art\u00edculos revisados por pares, y es miembro de numerosas sociedades cient\u00edficas.<\/span>[\/vc_column_text][vc_empty_space height=&#8221;25px&#8221;][vc_column_text]<span style=\"color: #000000;\"><strong><img loading=\"lazy\" decoding=\"async\" class=\"alignleft wp-image-1327\" src=\"https:\/\/citologiala.org\/congreso-SAC-SLAC-2025\/wp-content\/uploads\/2024\/08\/Eduardo-Alcaraz-Mateos-Fondo-Gris.png\" alt=\"Eduardo Alcaraz Mateos\" width=\"124\" height=\"124\" \/>Dr. Eduardo Alcaraz Mateos, MD, PhD.\u00a0 <\/strong><\/span><img loading=\"lazy\" decoding=\"async\" class=\"\" src=\"https:\/\/upload.wikimedia.org\/wikipedia\/en\/9\/9a\/Flag_of_Spain.svg\" alt=\"Spain Flag\" width=\"23\" height=\"15\" \/><\/p>\n<p><span style=\"color: #000000;\">Pat\u00f3logo especializado en dermatopatolog\u00eda, patolog\u00eda endocrina y citopatolog\u00eda intervencionista, es Doctor en Medicina con un PhD en Patolog\u00eda Digital. Profesor asociado en la Universidad de Murcia y tutor de estudiantes internacionales de IFMSA, ha inventado el simulador FioNA y la aplicaci\u00f3n SimInPath. Autor principal de numerosos art\u00edculos y comunicaciones cient\u00edficas, organiza talleres de punci\u00f3n aspiraci\u00f3n con aguja fina a nivel internacional.<\/span>[\/vc_column_text][vc_empty_space height=&#8221;25px&#8221;][vc_column_text]<strong><img loading=\"lazy\" decoding=\"async\" class=\"wp-image-1329 alignleft\" src=\"https:\/\/citologiala.org\/congreso-SAC-SLAC-2025\/wp-content\/uploads\/2025\/02\/Logos-y-Fotos-BN_20250228_072523_0000.png\" alt=\"Cecilia E. Gimenez, M.D.\" width=\"124\" height=\"124\" \/><\/strong><\/p>\n<p><span style=\"color: #000000;\"><strong> Cecilia E. Gimenez, M.D.<\/strong><\/span><img loading=\"lazy\" decoding=\"async\" class=\"\" src=\"https:\/\/upload.wikimedia.org\/wikipedia\/commons\/a\/a4\/Flag_of_the_United_States.svg\" alt=\"USA Flag\" width=\"27\" height=\"14\" \/> <img loading=\"lazy\" decoding=\"async\" class=\"\" src=\"https:\/\/upload.wikimedia.org\/wikipedia\/commons\/thumb\/1\/1a\/Flag_of_Argentina.svg\/800px-Flag_of_Argentina.svg.png?20120912082242\" width=\"21\" height=\"14\" \/><\/p>\n<p><span style=\"color: #000000;\">M\u00e9dica Certificada en Patolog\u00eda Anat\u00f3mica\/ Cl\u00ednica y Citopatolog\u00eda. Directora del programa becario de citolog\u00eda, codirectora de la residencia de Patolog\u00eda en Northwell Heath Laboratories. Directora de cl\u00ednica por punci\u00f3n fina por ultrasonido en la misma instituci\u00f3n. Dedicada a la ense\u00f1anza de residentes en patolog\u00eda, citolog\u00eda y punci\u00f3n de aguja fina guiada por ultrasonido.<\/span>[\/vc_column_text][vc_empty_space height=&#8221;25px&#8221;][vc_column_text]<strong><img loading=\"lazy\" decoding=\"async\" class=\"wp-image-1329 alignleft\" src=\"https:\/\/citologiala.org\/congreso-SAC-SLAC-2025\/wp-content\/uploads\/2024\/08\/Luis-de-las-Casas-Fondo-Gris.png\" alt=\"Dr. Luis de las Casas\" width=\"124\" height=\"124\" \/><\/strong><\/p>\n<p><span style=\"color: #000000;\"><strong> Luis De Las Casas, MD.\u00a0<\/strong><\/span><img loading=\"lazy\" decoding=\"async\" class=\"\" src=\"https:\/\/upload.wikimedia.org\/wikipedia\/commons\/a\/a4\/Flag_of_the_United_States.svg\" alt=\"USA Flag\" width=\"27\" height=\"14\" \/> <img loading=\"lazy\" decoding=\"async\" class=\"\" src=\"https:\/\/upload.wikimedia.org\/wikipedia\/commons\/c\/cf\/Flag_of_Peru.svg\" width=\"21\" height=\"14\" \/><\/p>\n<p><span style=\"color: #000000;\">M\u00e9dico Certificado en Patolog\u00eda Anat\u00f3mica y Cl\u00ednica; y en Citopatolog\u00eda. Actualmente forma parte del Staff m\u00e9dico del Centro M\u00e9dico de la Universidad de Texas Southwestern (UTSW). Numerosas publicaciones revisadas por pares, ense\u00f1anza y actividades profesionales que se centran en integrar pr\u00e1cticas de citopatolog\u00eda y patolog\u00eda quir\u00fargica utilizando un enfoque cl\u00ednico multidisciplinario personalizado.<\/span>[\/vc_column_text][\/vc_column][\/vc_row][vc_row full_width=&#8221;stretch_row&#8221; content_placement=&#8221;middle&#8221; overflow=&#8221;default&#8221; css=&#8221;.vc_custom_1725447368384{margin-bottom: 0px !important;border-bottom-width: 0px !important;padding-top: 60px !important;padding-bottom: 0px !important;background-color: #ffffff !important;}&#8221; padding_tablet=&#8221;50px 20px 50px 20px&#8221;][vc_column css=&#8221;.vc_custom_1724628236155{background-color: #f9f9f9 !important;border-radius: 10px !important;}&#8221;][vc_column_text]<\/p>\n<h2 style=\"text-align: center;\"><span style=\"color: #000000;\"><strong>PROFESORES AUXILIARES<\/strong><\/span><\/h2>\n<p>[\/vc_column_text][\/vc_column][\/vc_row][vc_row full_width=&#8221;stretch_row&#8221; content_placement=&#8221;middle&#8221; overflow=&#8221;default&#8221; css=&#8221;.vc_custom_1725447381568{padding-top: 0px !important;padding-bottom: 0px !important;background-color: #ffffff !important;}&#8221; padding_tablet=&#8221;50px 20px 50px 20px&#8221;][vc_column width=&#8221;1\/4&#8243; css=&#8221;.vc_custom_1724628236155{background-color: #f9f9f9 !important;border-radius: 10px !important;}&#8221;][vc_column_text]<strong><img loading=\"lazy\" decoding=\"async\" class=\"wp-image-1329 aligncenter\" src=\"https:\/\/citologiala.org\/congreso-SAC-SLAC-2025\/wp-content\/uploads\/2024\/09\/Milagros-Abad-Fondo-Gris-1.png\" alt=\"Milagros-Abad-Fondo-Gris-1\" width=\"124\" height=\"124\" \/><\/strong><\/p>\n<p style=\"text-align: center;\"><span style=\"color: #000000;\"><strong> Dra. Milagros Abad Licham\u00a0<\/strong><\/span><\/p>\n<p>[\/vc_column_text][\/vc_column][vc_column width=&#8221;1\/4&#8243; css=&#8221;.vc_custom_1725447682643{background-color: #f9f9f9 !important;border-radius: 10px !important;}&#8221;][vc_column_text]<strong><img loading=\"lazy\" decoding=\"async\" class=\"wp-image-1329 aligncenter\" src=\"https:\/\/citologiala.org\/congreso-SAC-SLAC-2025\/wp-content\/uploads\/2024\/09\/Andrea-Gersztein-Fondo-Gris.png\" alt=\"Andrea-Gersztein-Fondo-Gris\" width=\"124\" height=\"124\" \/><\/strong><\/p>\n<p style=\"text-align: center;\"><span style=\"color: #000000;\"><strong> Dra. Andrea Gersztein\u00a0<\/strong><\/span><\/p>\n<p>[\/vc_column_text][\/vc_column][vc_column width=&#8221;1\/4&#8243; css=&#8221;.vc_custom_1725447734024{background-color: #f9f9f9 !important;border-radius: 10px !important;}&#8221;][vc_column_text]<strong><img loading=\"lazy\" decoding=\"async\" class=\"wp-image-1329 aligncenter\" src=\"https:\/\/citologiala.org\/congreso-SAC-SLAC-2025\/wp-content\/uploads\/2024\/09\/Ana-Jaen-Fondo-Gris.png\" alt=\"Ana-Jaen-Fondo-Gris\" width=\"124\" height=\"124\" \/><\/strong><\/p>\n<p style=\"text-align: center;\"><span style=\"color: #000000;\"><strong> Dra. Ana del Valle Jaen\u00a0<\/strong><\/span><\/p>\n<p>[\/vc_column_text][\/vc_column][vc_column width=&#8221;1\/4&#8243; css=&#8221;.vc_custom_1725448098944{background-color: #f9f9f9 !important;border-radius: 10px !important;}&#8221;][vc_column_text]<strong><img loading=\"lazy\" decoding=\"async\" class=\"wp-image-1329 aligncenter\" src=\"https:\/\/citologiala.org\/congreso-SAC-SLAC-2025\/wp-content\/uploads\/2024\/09\/Silvina-Deira-Fondo-Gris.png\" alt=\"Silvina-Deira-Fondo-Gris\" width=\"124\" height=\"124\" \/><\/strong><\/p>\n<p style=\"text-align: center;\"><span style=\"color: #000000;\"><strong> Dra. Silvina Deira\u00a0<\/strong><\/span><\/p>\n<p>[\/vc_column_text][\/vc_column][\/vc_row][vc_row full_width=&#8221;stretch_row&#8221; overflow=&#8221;default&#8221; css=&#8221;.vc_custom_1724863192787{padding-top: 60px !important;padding-bottom: 0px !important;background-color: #ffffff !important;}&#8221; padding_tablet=&#8221;50px 20px 50px 20px&#8221; el_id=&#8221;objetivo&#8221;][vc_column css=&#8221;.vc_custom_1724628227249{background-color: #f9f9f9 !important;border-radius: 10px !important;}&#8221;][vc_column_text]<\/p>\n<h2 style=\"text-align: center;\"><span style=\"color: #000000;\"><strong>OBJETIVOS<\/strong><\/span><\/h2>\n<p>[\/vc_column_text][vc_column_text]<span style=\"color: #000000;\">Este curso ha sido dise\u00f1ado con el objetivo de proporcionar a los participantes una comprensi\u00f3n te\u00f3rica y pr\u00e1ctica de los principios, t\u00e9cnicas y aplicaciones cl\u00ednicas de la Citolog\u00eda Intervencionista.<\/span><\/p>\n<p><span style=\"color: #000000;\">Nuestro equipo de expertos guiar\u00e1 a los participantes a trav\u00e9s de teor\u00eda, estudios de casos cl\u00ednicos, metodolog\u00eda docente adaptada y sesiones pr\u00e1cticas mediante el uso de un simulador espec\u00edfico.<\/span><\/p>\n<p><span style=\"color: #000000;\">Se pretende dotar a los participantes de los conocimientos b\u00e1sicos te\u00f3ricos y las habilidades pr\u00e1cticas necesarias para la realizaci\u00f3n de la t\u00e9cnica de punci\u00f3n aspiraci\u00f3n con aguja fina (PAAF) y de control citol\u00f3gico in situ\u00a0 (ROSE).<\/span><\/p>\n<p><span style=\"color: #000000;\"><strong>HORARIO<\/strong><\/span><\/p>\n<ul>\n<li><span style=\"color: #000000;\">1\u00b0 Grupo: de 8:30 a 12:30 horas.<\/span><\/li>\n<li><span style=\"color: #000000;\">2\u00b0 Grupo: de 14:00 a 18:00 horas.<\/span><\/li>\n<\/ul>\n<p><span style=\"color: #000000;\"><strong>DURACI\u00d3N DEL TALLER<\/strong><\/span><br \/>\n<span style=\"color: #000000;\">4 horas acad\u00e9micas.<\/span><\/p>\n<ul>\n<li><span style=\"color: #000000;\">1 \u00bd hora de teor\u00eda.<\/span><\/li>\n<li><span style=\"color: #000000;\">2 horas de pr\u00e1ctica.<\/span><\/li>\n<li><span style=\"color: #000000;\">\u00bd hora de evaluaci\u00f3n.<\/span><\/li>\n<\/ul>\n<p><span style=\"color: #000000;\"><strong>OBJETIVOS ESPEC\u00cdFICOS DE LA ACTIVIDAD<\/strong><\/span><\/p>\n<ul>\n<li><span style=\"color: #000000;\">Entender el concepto, indicaciones, t\u00e9cnica y posibles complicaciones de la PAAF.<\/span><\/li>\n<li><span style=\"color: #000000;\">Adquirir las habilidades necesarias para la realizaci\u00f3n de PAAF directa, por palpaci\u00f3n y guiada por ecograf\u00eda.<\/span><\/li>\n<li><span style=\"color: #000000;\">Conocer las distintas clasificaciones diagn\u00f3sticas (Bethesda, Mil\u00e1n, Sidney, Yokohama) y los algoritmos b\u00e1sicos de interpretaci\u00f3n de las muestras y su evaluaci\u00f3n in situ.<\/span><\/li>\n<li><span style=\"color: #000000;\">Entender la importancia y aprender modelos para la interacci\u00f3n del pat\u00f3logo y\/o citotecn\u00f3logo con el medico que realiza la aspiraci\u00f3n o biopsia por aguja gruesa o microforcep.<\/span><\/li>\n<li><span style=\"color: #000000;\">Adquirir las habilidades necesarias para recibir la muestra, dividirla, preparar extendidos e improntas, y hacer un triaje costo efectivo de material obtenido a trav\u00e9s de aspiraci\u00f3n o biopsia por aguja gruesa o microforcep.<\/span><\/li>\n<\/ul>\n<p><span style=\"color: #000000;\"><strong>METODOLOG\u00cdA DOCENTE<\/strong><\/span><\/p>\n<ul>\n<li><span style=\"color: #000000;\">Presentaci\u00f3n tipo PowerPoint, acompa\u00f1ada de iconograf\u00eda y v\u00eddeos.<\/span><\/li>\n<li><span style=\"color: #000000;\">Exposici\u00f3n del procedimiento por parte de los instructores.<\/span><\/li>\n<li><span style=\"color: #000000;\">Desarrollo de la t\u00e9cnica de PAAF sobre simulador FioNA con escenarios cl\u00ednicos individualizados.<\/span><\/li>\n<li><span style=\"color: #000000;\">Correlaci\u00f3n cito-histol\u00f3gica de la casu\u00edstica presentada con preparaciones digitalizadas.<\/span><\/li>\n<li><span style=\"color: #000000;\">Practicas simuladas de interacciones entre el pat\u00f3logo y\/o citotecn\u00f3logo con el medico intervencionista.<\/span><\/li>\n<li><span style=\"color: #000000;\">Practicas simuladas para procesar muestras de lesiones de \u00f3rganos profundos obtenidas a trav\u00e9s de aspiraci\u00f3n o biopsia por aguja gruesa o microforcep.<\/span><\/li>\n<\/ul>\n<p><span style=\"color: #000000;\"><strong>EVALUACI\u00d3N<\/strong><\/span><\/p>\n<ul>\n<li><span style=\"color: #000000;\">Existir\u00e1 un formulario tipo test antes y despu\u00e9s del taller para comprobar la adquisici\u00f3n de conocimientos te\u00f3ricos.<\/span><\/li>\n<li><span style=\"color: #000000;\">La destreza en realizar la t\u00e9cnica ser\u00e1 igualmente evaluada a trav\u00e9s de checklist (app SimInPath), con los descriptores propios de la misma.<\/span><\/li>\n<\/ul>\n<p><span style=\"color: #000000;\"><strong>CERTIFICACI\u00d3N<br \/>\n<\/strong>Asisti\u00f3 al Curso Taller denominado: \u201cTaller de Citolog\u00eda Intervencionista\u201d.<\/span><br \/>\n<span style=\"color: #000000;\">Sociedades que certifican: SAC\/SLAC.<\/span><br \/>\n<span style=\"color: #000000;\">Horas acad\u00e9micas: 4 horas.<\/span><\/p>\n<p><span style=\"color: #000000;\"><strong>P\u00daBLICO OBJETIVO<\/strong><\/span><\/p>\n<ul>\n<li><span style=\"color: #000000;\">M\u00e9dicos anatomopat\u00f3logos.<\/span><\/li>\n<li><span style=\"color: #000000;\">Residentes de patolog\u00eda de \u00faltimo a\u00f1o con conocimientos b\u00e1sicos de citopatolog\u00eda intervencionista.<\/span><\/li>\n<\/ul>\n<p><span style=\"color: #000000;\"><strong>CUPO DE PARTICIPANTES<\/strong><\/span><\/p>\n<ul>\n<li><span style=\"color: #000000;\">N\u00famero TOTAL de participantes: 40 (treinta), los que deber\u00e1n estar previamente registrados.<\/span><\/li>\n<li><span style=\"color: #000000;\">Grupos de trabajo: 4 grupos de trabajo de 5 (cinco) participantes cada uno.<\/span><\/li>\n<\/ul>\n<p>[\/vc_column_text][vc_video link=&#8221;https:\/\/youtu.be\/kyc7mDJluvo&#8221; el_width=&#8221;70&#8243; align=&#8221;center&#8221; css=&#8221;.vc_custom_1724630125760{background-color: #000000 !important;border-radius: 10px !important;}&#8221;][\/vc_column][\/vc_row][vc_row full_width=&#8221;stretch_row&#8221; overflow=&#8221;default&#8221; css=&#8221;.vc_custom_1724025706618{padding-top: 60px !important;padding-bottom: 0px !important;background-color: #ffffff !important;}&#8221; padding_tablet=&#8221;50px 20px 50px 20px&#8221;][vc_column css=&#8221;.vc_custom_1724628227249{background-color: #f9f9f9 !important;border-radius: 10px !important;}&#8221;][vc_column_text]<\/p>\n<h2 style=\"text-align: center;\"><span style=\"color: #000000;\"><strong>INSCRIPCIONES<\/strong><\/span><\/h2>\n<p>[\/vc_column_text][vc_column_text]<\/p>\n<p style=\"text-align: left;\"><span style=\"color: #03833d;\"><strong><br \/>\nFECHA L\u00cdMITE DE INSCRIPCI\u00d3N: 11 DE JULIO DE 2025<\/strong><\/span><\/p>\n<p style=\"text-align: left;\"><span style=\"color: #000000;\"><strong><br \/>\nARANCELES para quienes residan tanto en Argentina como en el extranjero:<\/strong><\/span><\/p>\n<p style=\"text-align: left;\"><span style=\"color: #000000;\"><strong>Socio SAC\/SLAC<\/strong>: USD 50.- (\u00fanico arancel en un solo pago).<\/span><br \/>\n<span style=\"color: #000000;\"><strong>NO socio SAC\/SLAC<\/strong>: USD 100.- (\u00fanico arancel en un solo pago).<\/span><\/p>\n<p>&nbsp;<\/p>\n<p><span style=\"color: #03833d;\"><strong>FORMAS DE PAGO PARA QUIENES RESIDAN EN ARGENTINA:<\/strong><\/span><\/p>\n<p><span style=\"color: #000000;\"><strong>1. TRANSFERENCIA o Dep\u00f3sito en Cuenta Corriente<\/strong> (Solo se aceptan transferencias realizadas desde Argentina)<\/span><\/p>\n<p><span style=\"color: #000000;\">DATOS CUENTA BANCARIA<\/span><\/p>\n<p><span style=\"color: #000000;\">Cuenta corriente en pesos argentinos<\/span><br \/>\n<span style=\"color: #000000;\">Banco Macro Sucursal Av. C\u00f3rdoba<\/span><br \/>\n<span style=\"color: #000000;\">Cuenta corriente 353609410114710<\/span><br \/>\n<span style=\"color: #000000;\">CBU 2850536-7 3009410114710-1<\/span><br \/>\n<span style=\"color: #000000;\">ALIAS: CITOLOGIA.SAC<\/span><br \/>\n<span style=\"color: #000000;\">CUIT: 30-65176821-3<\/span><\/p>\n<p><span style=\"color: #000000;\"><strong>2. TARJETA DE CR\u00c9DITO (Visa o Mastercard)<\/strong><\/span><br \/>\n<span style=\"color: #000000;\">Socios SAC, por favor completar en la ficha de inscripci\u00f3n la tarjeta con la que se le debita la cuota societaria.<\/span><\/p>\n<p><span style=\"color: #000000;\"><strong>3. LINK DE PAGO<\/strong><\/span><br \/>\n<span style=\"color: #000000;\">Hemos incorporado como forma de pago un link que les permitir\u00e1 abonar con tarjeta de d\u00e9bito o cr\u00e9dito en un solo pago.<\/span><\/p>\n<p>&nbsp;<\/p>\n<p><span style=\"color: #03833d;\"><strong>FORMAS DE PAGO PARA QUIENES RESIDAN EN EL EXTRANJERO:<\/strong><\/span><\/p>\n<p><span style=\"color: #000000;\">\u2022 <strong>LINK DE PAGO<\/strong> (Como \u00fanica modalidad) <\/span><br \/>\n<span style=\"color: #000000;\">Hemos incorporado como forma de pago un link que les permitir\u00e1 abonar con tarjeta de cr\u00e9dito en un solo pago, desde su lugar de residencia.<\/span><\/p>\n<p>&nbsp;<\/p>\n<p><span style=\"color: #03833d;\"><strong>POL\u00cdTICAS DE CANCELACI\u00d3N<\/strong><\/span><br \/>\n<span style=\"color: #000000;\">Si desea cancelar su inscripci\u00f3n debe enviar un correo a: sociedadcitologia@gmail.com<\/span><br \/>\n<span style=\"color: #000000;\">Las inscripciones podr\u00e1n ser canceladas antes del 02 de junio 2025.<\/span><br \/>\n<span style=\"color: #000000;\">Los importes se reembolsar\u00e1n con un 20% menos, en concepto de gastos administrativos.<\/span><br \/>\n<span style=\"color: #000000;\">IMPORTANTE: Los reembolsos se realizar\u00e1n 30 d\u00edas posteriores a la finalizaci\u00f3n del congreso.<\/span><br \/>\n<span style=\"color: #000000;\">No se realizar\u00e1n devoluciones por inscripciones recibidas a partir del 03 de junio de 2025.<\/span>[\/vc_column_text][\/vc_column][\/vc_row][vc_row full_width=&#8221;stretch_row&#8221; overflow=&#8221;default&#8221; css=&#8221;.vc_custom_1724863436657{padding-bottom: 0px !important;background-color: #ffffff !important;}&#8221; padding_tablet=&#8221;50px 20px 50px 20px&#8221;][vc_column css=&#8221;.vc_custom_1725025622684{margin-top: 10px !important;margin-bottom: 15px !important;background-color: #f9f9f9 !important;border-radius: 10px !important;}&#8221;][vc_column_text]<img loading=\"lazy\" decoding=\"async\" class=\"wp-image-2222 alignleft\" src=\"https:\/\/citologiala.org\/congreso-SAC-SLAC-2025\/wp-content\/uploads\/2024\/08\/Pay-Fondo-Gris.png\" alt=\"\" width=\"145\" height=\"145\" srcset=\"https:\/\/citologiala.org\/congreso-SAC-SLAC-2025\/wp-content\/uploads\/2024\/08\/Pay-Fondo-Gris.png 275w, https:\/\/citologiala.org\/congreso-SAC-SLAC-2025\/wp-content\/uploads\/2024\/08\/Pay-Fondo-Gris-150x150.png 150w\" sizes=\"auto, (max-width: 145px) 100vw, 145px\" \/><strong><span style=\"color: #000000;\">Para abonar como SOCIO es necesario asociarse antes del 01\/01\/2025.<\/span><\/strong><\/p>\n<p><span style=\"color: #000000;\">Si <strong>NO<\/strong> sos socio <strong>SAC o SLAC<\/strong> y quer\u00e9s obtener la bonificaci\u00f3n en la inscripci\u00f3n al congreso como socio de la <strong>Sociedad Argentina de Citolog\u00eda (SAC)<\/strong> consult\u00e1 el siguiente link con los requisitos para asociarte: <a style=\"color: #000000;\" href=\"https:\/\/sociedaddecitologia.org.ar\/asociarte-2\/\"><strong><span style=\"color: #3366ff;\">https:\/\/sociedaddecitologia.org.ar\/asociarte-2\/<\/span><\/strong><\/a><\/span><\/p>\n<p><span style=\"color: #000000;\">Si <strong>NO <\/strong>sos socio <strong>SAC o SLAC<\/strong> y quer\u00e9s obtener la bonificaci\u00f3n en la inscripci\u00f3n al congreso como socio de la <strong>Sociedad Latinoamericana de Citopatolog\u00eda<\/strong> <strong>(SLAC)<\/strong> consult\u00e1 el siguiente link con los requisitos para asociarte: <a style=\"color: #000000;\" href=\"https:\/\/citologiala.org\/registro\/\"><strong><span style=\"color: #3366ff;\">https:\/\/citologiala.org\/registro\/<\/span><\/strong><\/a><\/span>[\/vc_column_text][\/vc_column][\/vc_row][vc_row][vc_column][vc_text_separator title=&#8221;COMPLETE LA FICHA DE INSCRIPCI\u00d3N AQU\u00cd&#8221;][\/vc_column][\/vc_row][vc_row][vc_column][vc_btn title=&#8221;FICHA DE INSCRIPCI\u00d3N&#8221; shape=&#8221;round&#8221; color=&#8221;primary&#8221; align=&#8221;center&#8221; link=&#8221;url:https%3A%2F%2Fdocs.google.com%2Fforms%2Fd%2Fe%2F1FAIpQLSdVQqr3EDSPYso7S9mf7HsWy8_3ouWEtQcYD8fYzzXY-kcjxQ%2Fviewform|target:_blank&#8221;][\/vc_column][\/vc_row]<\/p>\n<\/section>","protected":false},"excerpt":{"rendered":"<p>[vc_row full_width=&#8221;stretch_row_content&#8221; css=&#8221;.vc_custom_1724857893490{background-image: url(https:\/\/citologiala.org\/congreso-SAC-SLAC-2025\/wp-content\/uploads\/2024\/08\/Sin-titulo-960-x-240-px1.png?id=2073) !important;background-position: center !important;background-repeat: no-repeat !important;background-size: cover !important;}&#8221;][vc_column][vc_column_text] Taller de Citolog\u00eda Intervencionista Martes 5 de agosto de 2025 &nbsp; Sal\u00f3n DA VINCI | Hotel NH Buenos Aires &#8230;<\/p>\n","protected":false},"author":1,"featured_media":0,"parent":0,"menu_order":0,"comment_status":"closed","ping_status":"closed","template":"","meta":{"footnotes":""},"class_list":["post-1510","page","type-page","status-publish","hentry"],"_links":{"self":[{"href":"https:\/\/citologiala.org\/congreso-SAC-SLAC-2025\/wp-json\/wp\/v2\/pages\/1510","targetHints":{"allow":["GET"]}}],"collection":[{"href":"https:\/\/citologiala.org\/congreso-SAC-SLAC-2025\/wp-json\/wp\/v2\/pages"}],"about":[{"href":"https:\/\/citologiala.org\/congreso-SAC-SLAC-2025\/wp-json\/wp\/v2\/types\/page"}],"author":[{"embeddable":true,"href":"https:\/\/citologiala.org\/congreso-SAC-SLAC-2025\/wp-json\/wp\/v2\/users\/1"}],"replies":[{"embeddable":true,"href":"https:\/\/citologiala.org\/congreso-SAC-SLAC-2025\/wp-json\/wp\/v2\/comments?post=1510"}],"version-history":[{"count":67,"href":"https:\/\/citologiala.org\/congreso-SAC-SLAC-2025\/wp-json\/wp\/v2\/pages\/1510\/revisions"}],"predecessor-version":[{"id":2569,"href":"https:\/\/citologiala.org\/congreso-SAC-SLAC-2025\/wp-json\/wp\/v2\/pages\/1510\/revisions\/2569"}],"wp:attachment":[{"href":"https:\/\/citologiala.org\/congreso-SAC-SLAC-2025\/wp-json\/wp\/v2\/media?parent=1510"}],"curies":[{"name":"wp","href":"https:\/\/api.w.org\/{rel}","templated":true}]}}