{"id":1678,"date":"2024-08-22T10:40:32","date_gmt":"2024-08-22T13:40:32","guid":{"rendered":"https:\/\/citologiala.org\/congreso-SAC-SLAC-2025\/?page_id=1678"},"modified":"2025-07-06T17:03:14","modified_gmt":"2025-07-06T20:03:14","slug":"trabajos-cientificos","status":"publish","type":"page","link":"https:\/\/citologiala.org\/congreso-SAC-SLAC-2025\/trabajos-cientificos\/","title":{"rendered":"Trabajos cient\u00edficos"},"content":{"rendered":"<section class=\"wpb-content-wrapper\"><p>[vc_row full_width=&#8221;stretch_row_content&#8221; css=&#8221;.vc_custom_1724765458743{background-image: url(https:\/\/citologiala.org\/congreso-SAC-SLAC-2025\/wp-content\/uploads\/2024\/08\/Sin-titulo-960-x-240-px3.png?id=2084) !important;background-position: center !important;background-repeat: no-repeat !important;background-size: cover !important;}&#8221;][vc_column][vc_column_text]<\/p>\n<p>&nbsp;<\/p>\n<p style=\"text-align: center;\"><span style=\"color: #d9d9d9;\"><span style=\"font-size: 36px;\"><strong>TRABAJOS CIENT\u00cdFICOS<\/strong><\/span><\/span><\/p>\n<p>[\/vc_column_text][\/vc_column][\/vc_row][vc_row][vc_column css=&#8221;.vc_custom_1724631185337{background-color: #f9f9f9 !important;border-radius: 10px !important;}&#8221;][vc_column_text]<\/p>\n<h2 style=\"text-align: center;\"><span style=\"color: #000000;\"><strong>INSTRUCTIVO PARA LA PRESENTACI\u00d3N DE TRABAJOS<br \/>\n<\/strong><\/span><\/h2>\n<p>&nbsp;<\/p>\n<p style=\"text-align: left;\"><span style=\"color: #ff0000;\"><strong>EXTENDIMOS LA FECHA L\u00cdMITE PARA LA RECEPCI\u00d3N DE RES\u00daMENES AL 27 DE JUNIO 2025 A LAS 18:00 HS.<\/strong><\/span><\/p>\n<p><span style=\"color: #000000;\">Los res\u00famenes enviados ser\u00e1n evaluados por el Comit\u00e9 Evaluador de Trabajos Cient\u00edficos, el que los aprobar\u00e1 o los remitir\u00e1 a los autores para que realicen las correcciones sugeridas.<\/span><\/p>\n<p><span style=\"color: #000000;\"><strong>EL PRESENTADOR DEBE ESTAR INSCRIPTO AL CONGRESO SAC\/SLAC 2025.<\/strong><\/span><\/p>\n<p>&nbsp;<\/p>\n<p><span style=\"color: #000000;\"><strong><u>REQUISITOS PARA EL ENV\u00cdO DE RES\u00daMENES<\/u><\/strong><strong>:<\/strong><\/span><\/p>\n<p><span style=\"color: #000000;\"><strong>COMUNICACI\u00d3N ORAL:<\/strong> Serie de casos, hasta 600 palabras, tipo de letra: ARIAL n\u00famero 10.<\/span><\/p>\n<p><span style=\"color: #000000;\"><strong>POSTER:<\/strong> Reporte de caso, hasta 500 palabras, , tipo de letra: ARIAL n\u00famero 10.<br \/>\n<\/span><\/p>\n<p>&nbsp;<\/p>\n<p><span style=\"color: #000000;\">Marque la presentaci\u00f3n de su \u00a0resumen como <strong>COMUNICACI\u00d3N ORAL o P\u00d3STER.<\/strong><\/span><\/p>\n<p><span style=\"color: #000000;\"><strong>1er campo: \u201cT\u00cdTULO\u201d<\/strong><strong><br \/>\n<\/strong>Descriptivo del contenido, escrito en may\u00fasculas.<\/span><br \/>\n<span style=\"color: #000000;\">No deber\u00e1 llevar siglas y las abreviaturas, si las hubiera, deber\u00e1n ser aclaradas.<\/span><\/p>\n<p><span style=\"color: #000000;\"><strong>2do campo: \u201cCONTACTO\u201d<\/strong><strong><br \/>\n<\/strong>Direcci\u00f3n de e-mail y tel\u00e9fono celular del primer autor al cual enviaremos la respuesta.<\/span><\/p>\n<p><span style=\"color: #000000;\"><strong>3er campo: \u201cAUTORES\u201d<\/strong><strong><br \/>\n<\/strong>Apellido e inicial del primer nombre en may\u00fasculas y el resto en min\u00fasculas.<\/span><br \/>\n<span style=\"color: #000000;\">Se aceptar\u00e1n hasta 5 autores anatomopat\u00f3logos sin la participaci\u00f3n de otras especialidades y hasta 10 autores en trabajos multidisciplinarios.<\/span><br \/>\n<span style=\"color: #000000;\">El primer autor deber\u00e1 encabezar la lista y ser\u00e1 el contacto con la SAC.<\/span><\/p>\n<p><span style=\"color: #000000;\"><strong>4to campo: \u201cLUGAR DE TRABAJO\u201d<\/strong><strong><br \/>\n<\/strong>Escrito con may\u00fasculas y min\u00fasculas.<\/span><br \/>\n<span style=\"color: #000000;\">Deber\u00e1 indicar, en este orden, servicio, hospital o laboratorio y localidad d\u00f3nde se realiz\u00f3 el trabajo.<\/span><\/p>\n<p><span style=\"color: #000000;\"><strong>5to campo: \u201cRESUMEN\u201d<br \/>\n<\/strong><strong>*INTRODUCCI\u00d3N<\/strong><strong><br \/>\n<\/strong>Breve explicaci\u00f3n del tema (prop\u00f3sito del trabajo).<\/span><br \/>\n<span style=\"color: #000000;\"><strong>*OBJETIVOS<\/strong><strong><br \/>\n<\/strong>Prop\u00f3sito del trabajo. Debe ser demostrable con los materiales y m\u00e9todos elegidos.<\/span><br \/>\n<span style=\"color: #000000;\">*<strong>MATERIAL Y M\u00c9TODOS<\/strong><strong><br \/>\n<\/strong>Descripci\u00f3n completa de las t\u00e9cnicas y materiales utilizados.<\/span><br \/>\n<span style=\"color: #000000;\">*<strong>RESULTADOS<\/strong><strong><br \/>\n<\/strong>Todos los resultados deber\u00e1n ser informados.<\/span><br \/>\n<span style=\"color: #000000;\">No se aceptar\u00e1: \u201cse mostrar\u00e1n despu\u00e9s\u201d o \u201clos resultados ser\u00e1n descriptos en la presentaci\u00f3n\u2026\u201d<\/span><br \/>\n<span style=\"color: #000000;\">*<strong>CONCLUSIONES<\/strong><strong><br \/>\n<\/strong>Se har\u00e1 un an\u00e1lisis relacionando los objetivos propuestos con los resultados obtenidos.<\/span><br \/>\n<span style=\"color: #000000;\">No ser\u00e1n aceptados trabajos sin las conclusiones finales.<strong>\u00a0<\/strong><\/span><\/p>\n<p><span style=\"color: #000000;\"><strong>6to campo: \u201cBIBLIOGRAF\u00cdA\u201d<\/strong><\/span><\/p>\n<p><span style=\"color: #000000;\"><strong>Por favor revise muy bien su trabajo completando todos los campos antes de enviarlo.<br \/>\n<\/strong><strong>No se aceptar\u00e1n cambios en los datos del resumen luego del env\u00edo.<\/strong><br \/>\n<\/span><\/p>\n<p>&nbsp;<\/p>\n<h3><span style=\"color: #000000;\"><strong><u>INSTRUCTIVO PARA EL ARMADO DE TRABAJOS (en caso de aceptaci\u00f3n del mismo)<\/u>:<\/strong><\/span><\/h3>\n<h4><span style=\"color: #008000;\"><strong>Nos complace anunciar que la presentaci\u00f3n de los trabajos cient\u00edficos en el marco del Congreso se realizar\u00e1 mediante <em>formato de p\u00f3ster electr\u00f3nico iPoster.\u00a0<\/em><\/strong><\/span><\/h4>\n<h4><span style=\"color: #008000;\"><strong>Los trabajos estar\u00e1n disponibles en una galer\u00eda digital interactiva, que se proyectar\u00e1 en estaciones electr\u00f3nicas durante toda la duraci\u00f3n del Congreso, permitiendo su visualizaci\u00f3n por parte de los asistentes en cualquier momento.<\/strong><\/span><\/h4>\n<p>&nbsp;<\/p>\n<h5><span style=\"color: #000000;\"><strong><u>Comunicaci\u00f3n Oral<\/u><\/strong><\/span><\/h5>\n<p><span style=\"color: #000000;\">Grabaci\u00f3n: Power Point con total de 10 diapositivas.<\/span><\/p>\n<ul>\n<li><span style=\"color: #000000;\">Tiempo m\u00e1ximo: 6 minutos <strong>(no se aceptar\u00e1n grabaciones de mayor duraci\u00f3n)<\/strong><\/span><\/li>\n<li><span style=\"color: #000000;\">Tama\u00f1o de diapositiva PPT: panor\u00e1mica (16:9)<\/span><\/li>\n<li><span style=\"color: #000000;\">Recomendamos utilizar escaso texto y varias im\u00e1genes ilustrativas<\/span><\/li>\n<\/ul>\n<h4><span style=\"color: #008000;\">Una vez realizada la grabaci\u00f3n, deber\u00e1 enviarla por correo electr\u00f3nico a:<\/span><br \/>\n<span style=\"color: #008000;\">\ud83d\udce9 <a style=\"color: #008000;\" href=\"mailto:sociedadcitologia@gmail.com\"><strong>sociedadcitologia@gmail.com<\/strong><\/a> con el <strong>asunto: \u201cVideo comunicaci\u00f3n oral <\/strong><strong>\u2013 n\u00b0 de trabajo asignado y t\u00edtulo<\/strong><strong>\u201d<\/strong> hasta el d\u00eda <strong>viernes 26 de julio a las 12:00 hs (hora Argentina).<\/strong><\/span><\/h4>\n<p>&nbsp;<\/p>\n<h5><span style=\"color: #000000;\"><strong><u>P\u00f3ster<\/u><\/strong><\/span><\/h5>\n<p><span style=\"color: #000000;\">Grabaci\u00f3n: Power Point con un total de 4 diapositivas.<\/span><\/p>\n<ul>\n<li><span style=\"color: #000000;\">Tiempo m\u00e1ximo: 4 minutos <strong>(no se aceptar\u00e1n grabaciones de mayor duraci\u00f3n)<\/strong><\/span><\/li>\n<li><span style=\"color: #000000;\">Tama\u00f1o de diapositiva PPT: panor\u00e1mica (16:9)<\/span><\/li>\n<li><span style=\"color: #000000;\">Recomendamos utilizar escaso texto y varias im\u00e1genes ilustrativas<\/span><\/li>\n<\/ul>\n<h4><span style=\"color: #008000;\">Una vez realizada la grabaci\u00f3n, deber\u00e1 enviarla por correo electr\u00f3nico a:<\/span><br \/>\n<span style=\"color: #008000;\">\ud83d\udce9 <a style=\"color: #008000;\" href=\"mailto:sociedadcitologia@gmail.com\"><strong>sociedadcitologia@gmail.com<\/strong><\/a> con el <strong>asunto: \u201cVideo poster <\/strong><strong>\u2013 n\u00b0 de trabajo asignado y t\u00edtulo<\/strong><strong>\u201d<\/strong> hasta el d\u00eda <strong>viernes 26 de julio a las 12:00 hs (hora Argentina).<\/strong><\/span><\/h4>\n<p>[\/vc_column_text][vc_btn title=&#8221;CARGUE AQU\u00cd SU TRABAJO&#8221; shape=&#8221;round&#8221; color=&#8221;info&#8221; align=&#8221;center&#8221; link=&#8221;url:https%3A%2F%2Fforms.gle%2FDmkcV6KfH6uQcW4i6&#8243;][\/vc_column][\/vc_row]<\/p>\n<\/section>","protected":false},"excerpt":{"rendered":"<p>[vc_row full_width=&#8221;stretch_row_content&#8221; css=&#8221;.vc_custom_1724765458743{background-image: url(https:\/\/citologiala.org\/congreso-SAC-SLAC-2025\/wp-content\/uploads\/2024\/08\/Sin-titulo-960-x-240-px3.png?id=2084) !important;background-position: center !important;background-repeat: no-repeat !important;background-size: cover !important;}&#8221;][vc_column][vc_column_text] &nbsp; TRABAJOS CIENT\u00cdFICOS [\/vc_column_text][\/vc_column][\/vc_row][vc_row][vc_column css=&#8221;.vc_custom_1724631185337{background-color: #f9f9f9 !important;border-radius: 10px !important;}&#8221;][vc_column_text] INSTRUCTIVO PARA LA PRESENTACI\u00d3N DE TRABAJOS &nbsp; EXTENDIMOS LA FECHA &#8230;<\/p>\n","protected":false},"author":2,"featured_media":0,"parent":0,"menu_order":0,"comment_status":"closed","ping_status":"closed","template":"","meta":{"footnotes":""},"class_list":["post-1678","page","type-page","status-publish","hentry"],"_links":{"self":[{"href":"https:\/\/citologiala.org\/congreso-SAC-SLAC-2025\/wp-json\/wp\/v2\/pages\/1678","targetHints":{"allow":["GET"]}}],"collection":[{"href":"https:\/\/citologiala.org\/congreso-SAC-SLAC-2025\/wp-json\/wp\/v2\/pages"}],"about":[{"href":"https:\/\/citologiala.org\/congreso-SAC-SLAC-2025\/wp-json\/wp\/v2\/types\/page"}],"author":[{"embeddable":true,"href":"https:\/\/citologiala.org\/congreso-SAC-SLAC-2025\/wp-json\/wp\/v2\/users\/2"}],"replies":[{"embeddable":true,"href":"https:\/\/citologiala.org\/congreso-SAC-SLAC-2025\/wp-json\/wp\/v2\/comments?post=1678"}],"version-history":[{"count":22,"href":"https:\/\/citologiala.org\/congreso-SAC-SLAC-2025\/wp-json\/wp\/v2\/pages\/1678\/revisions"}],"predecessor-version":[{"id":2759,"href":"https:\/\/citologiala.org\/congreso-SAC-SLAC-2025\/wp-json\/wp\/v2\/pages\/1678\/revisions\/2759"}],"wp:attachment":[{"href":"https:\/\/citologiala.org\/congreso-SAC-SLAC-2025\/wp-json\/wp\/v2\/media?parent=1678"}],"curies":[{"name":"wp","href":"https:\/\/api.w.org\/{rel}","templated":true}]}}