{"id":1680,"date":"2024-08-22T10:40:57","date_gmt":"2024-08-22T13:40:57","guid":{"rendered":"https:\/\/citologiala.org\/congreso-SAC-SLAC-2025\/?page_id=1680"},"modified":"2024-08-30T10:46:18","modified_gmt":"2024-08-30T13:46:18","slug":"sede","status":"publish","type":"page","link":"https:\/\/citologiala.org\/congreso-SAC-SLAC-2025\/sede\/","title":{"rendered":"Sede"},"content":{"rendered":"<section class=\"wpb-content-wrapper\"><p>[vc_row][vc_column][vc_column_text]<\/p>\n<h3 style=\"text-align: center;\"><strong><span style=\"font-size: 30px;\">HOTEL NH BUENOS AIRES CITY<\/span><br \/>\n<\/strong><\/h3>\n<p>[\/vc_column_text][\/vc_column][\/vc_row][vc_row css=&#8221;.vc_custom_1724937403927{background-position: center !important;background-repeat: no-repeat !important;background-size: cover !important;}&#8221;][vc_column][vc_images_carousel images=&#8221;2376,2384,2377,2386,2383,2385,2382,2380,2389,2378,2387,2379,2372,2373,2374,2375,2381&#8243; img_size=&#8221;full&#8221; onclick=&#8221;custom_link&#8221; speed=&#8221;3000&#8243; slides_per_view=&#8221;5&#8243; autoplay=&#8221;yes&#8221; hide_pagination_control=&#8221;yes&#8221; wrap=&#8221;yes&#8221; css=&#8221;.vc_custom_1724941358027{background-position: center !important;background-repeat: no-repeat !important;background-size: cover !important;}&#8221;][\/vc_column][\/vc_row][vc_row][vc_column css=&#8221;.vc_custom_1724637167318{background-color: #f9f9f9 !important;border-radius: 10px !important;}&#8221;][vc_column_text css=&#8221;.vc_custom_1725025533743{background-color: #f9f9f9 !important;border-radius: 10px !important;}&#8221;]<\/p>\n<h3 style=\"text-align: center;\"><strong>Hotel NH Buenos Aires City<\/strong><br \/>\nBol\u00edvar 160, C1066AAD Cdad. Aut\u00f3noma de Buenos Aires, Argentina<\/h3>\n<h3><img loading=\"lazy\" decoding=\"async\" class=\" wp-image-1828 aligncenter\" src=\"https:\/\/citologiala.org\/congreso-SAC-SLAC-2025\/wp-content\/uploads\/2024\/08\/hotel-300x169.jpg\" alt=\"\" width=\"350\" height=\"197\" srcset=\"https:\/\/citologiala.org\/congreso-SAC-SLAC-2025\/wp-content\/uploads\/2024\/08\/hotel-300x169.jpg 300w, https:\/\/citologiala.org\/congreso-SAC-SLAC-2025\/wp-content\/uploads\/2024\/08\/hotel-1024x576.jpg 1024w, https:\/\/citologiala.org\/congreso-SAC-SLAC-2025\/wp-content\/uploads\/2024\/08\/hotel-768x432.jpg 768w, https:\/\/citologiala.org\/congreso-SAC-SLAC-2025\/wp-content\/uploads\/2024\/08\/hotel.jpg 1366w\" sizes=\"auto, (max-width: 350px) 100vw, 350px\" \/><\/h3>\n<h3><\/h3>\n<h3><\/h3>\n<h3><\/h3>\n<h3 style=\"text-align: center;\"><strong>Datos empresa de turismo:<br \/>\n<\/strong>Titular de la agencia de viajes Giro Turistico.<br \/>\nRamirez Maria Julia &#8211; <a href=\"mailto:jramirez@giroturistico.com.ar\">jramirez@giroturistico.com.ar<\/a><br \/>\n<img loading=\"lazy\" decoding=\"async\" class=\"\" src=\"https:\/\/citologiala.org\/congreso-SAC-SLAC-2025\/wp-content\/uploads\/2024\/08\/LOGOWHATSAPP.png\" width=\"23\" height=\"15\" \/> (+5411) 5922-7530<\/h3>\n<h3 style=\"text-align: center;\"><a href=\"https:\/\/giroturistico.tur.ar\/\">www.giroturistico.tur.ar<\/a><\/h3>\n<h3 style=\"text-align: center;\"><img loading=\"lazy\" decoding=\"async\" class=\" wp-image-1829 aligncenter\" src=\"https:\/\/citologiala.org\/congreso-SAC-SLAC-2025\/wp-content\/uploads\/2024\/08\/qr-agencia-turismo.png\" alt=\"\" width=\"183\" height=\"183\" \/><\/h3>\n<p>[\/vc_column_text][\/vc_column][\/vc_row][vc_row css=&#8221;.vc_custom_1724908849999{margin-top: 20px !important;margin-bottom: 20px !important;background-color: #f8f9f9 !important;border-radius: 10px !important;}&#8221;][vc_column][vc_column_text]<\/p>\n<h5>Aqu\u00ed tienes una lista de atracciones tur\u00edsticas gratuitas que puedes disfrutar en el microcentro de la ciudad de Buenos Aires:<\/h5>\n<p>1. <strong>Plaza de Mayo:<\/strong> Este es el coraz\u00f3n pol\u00edtico de Argentina y est\u00e1 rodeado por edificios hist\u00f3ricos como la Casa Rosada, la Catedral Metropolitana y el Cabildo.<br \/>\n2. <strong>Casa Rosada<\/strong>: Aunque las visitas guiadas al interior pueden requerir reserva, el edificio y sus alrededores son dignos de ver desde el exterior.<br \/>\n3. <strong>Catedral Metropolitana de Buenos Aires<\/strong>: La catedral principal de la ciudad, donde se encuentra el mausoleo del General San Mart\u00edn.<br \/>\n4. <strong>Avenida de Mayo<\/strong>: Una de las avenidas m\u00e1s emblem\u00e1ticas de la ciudad, con arquitectura europea y caf\u00e9s hist\u00f3ricos.<br \/>\n5. <strong>Obelisco<\/strong>: Un icono de Buenos Aires ubicado en la Plaza de la Rep\u00fablica. Es un lugar perfecto para fotos y est\u00e1 en pleno microcentro.<br \/>\n6. <strong>Calle Florida<\/strong>: Una calle peatonal llena de tiendas, galer\u00edas de arte, y artistas callejeros. Es ideal para un paseo.<br \/>\n7. <strong>Galer\u00edas Pac\u00edfico<\/strong>: Un centro comercial con una arquitectura impresionante y murales de artistas argentinos. La entrada es gratuita.<br \/>\n8. <strong>Manzana de las Luces<\/strong>: Un complejo hist\u00f3rico con t\u00faneles y pasadizos que datan de la \u00e9poca colonial. Las visitas guiadas pueden tener un costo, pero el exterior es interesante por s\u00ed mismo.<br \/>\n9. <strong>Palacio Barolo<\/strong>: Aunque las visitas al interior son pagas, el edificio es impresionante desde el exterior y tiene una rica historia arquitect\u00f3nica.<br \/>\n10. <strong>Caf\u00e9 Tortoni<\/strong>: El caf\u00e9 m\u00e1s antiguo de la ciudad, conocido por su historia y ambiente. Entrar a verlo es gratuito, aunque consumir tiene costo.<br \/>\n11. <strong>Museo del Bicentenario<\/strong>: Ubicado detr\u00e1s de la Casa Rosada, este museo tiene una entrada gratuita y ofrece una mirada a la historia de Argentina desde la Revoluci\u00f3n de Mayo hasta la actualidad.<br \/>\n12. <strong>Puerto Madero<\/strong>: Aunque no est\u00e1 exactamente en el microcentro, est\u00e1 muy cerca. Es un barrio moderno donde puedes caminar por sus diques y disfrutar del paisaje urbano y natural.[\/vc_column_text][\/vc_column][\/vc_row][vc_row css=&#8221;.vc_custom_1724908813709{margin-top: 20px !important;margin-bottom: 20px !important;background-color: #f8f9f9 !important;border-radius: 10px !important;}&#8221;][vc_column][vc_gmaps link=&#8221;#E-8_JTNDaWZyYW1lJTIwc3JjJTNEJTIyaHR0cHMlM0ElMkYlMkZ3d3cuZ29vZ2xlLmNvbSUyRm1hcHMlMkZlbWJlZCUzRnBiJTNEJTIxMW0xOCUyMTFtMTIlMjExbTMlMjExZDE2NDEuODkxNDk2NDAwNDg2NiUyMTJkLTU4LjM3MzMyMTgzNTU4MTE3JTIxM2QtMzQuNjA5NjQ4NTU5NDIzNDM0JTIxMm0zJTIxMWYwJTIxMmYwJTIxM2YwJTIxM20yJTIxMWkxMDI0JTIxMmk3NjglMjE0ZjEzLjElMjEzbTMlMjExbTIlMjExczB4OTViY2NhZDM2OGNhNmRhMyUyNTNBMHgzNTU0MGM5YzZhNmM3MDJiJTIxMnNIb3RlbCUyNTIwTkglMjUyMEJ1ZW5vcyUyNTIwQWlyZXMlMjUyMENpdHklMjE1ZTAlMjEzbTIlMjExc2VzLTQxOSUyMTJzYXIlMjE0djE3MjQ2Mzg4MDY2MTIlMjE1bTIlMjExc2VzLTQxOSUyMTJzYXIlMjIlMjB3aWR0aCUzRCUyMjYwMCUyMiUyMGhlaWdodCUzRCUyMjQ1MCUyMiUyMHN0eWxlJTNEJTIyYm9yZGVyJTNBMCUzQiUyMiUyMGFsbG93ZnVsbHNjcmVlbiUzRCUyMiUyMiUyMGxvYWRpbmclM0QlMjJsYXp5JTIyJTIwcmVmZXJyZXJwb2xpY3klM0QlMjJuby1yZWZlcnJlci13aGVuLWRvd25ncmFkZSUyMiUzRSUzQyUyRmlmcmFtZSUzRQ==&#8221; css=&#8221;.vc_custom_1724908729738{background-color: #f9f9f9 !important;}&#8221;][\/vc_column][\/vc_row][vc_row][vc_column][vc_media_grid element_width=&#8221;3&#8243; gap=&#8221;10&#8243; grid_id=&#8221;vc_gid:1725025318063-cef23842-8864-7&#8243; include=&#8221;2347,2346,2345,2344,2366,2364,2365,2363,2361,2370,2362,2360,2368,2367,2371,2369&#8243;][\/vc_column][\/vc_row]<\/p>\n<\/section>","protected":false},"excerpt":{"rendered":"<p>[vc_row][vc_column][vc_column_text] HOTEL NH BUENOS AIRES CITY [\/vc_column_text][\/vc_column][\/vc_row][vc_row css=&#8221;.vc_custom_1724937403927{background-position: center !important;background-repeat: no-repeat !important;background-size: cover !important;}&#8221;][vc_column][vc_images_carousel images=&#8221;2376,2384,2377,2386,2383,2385,2382,2380,2389,2378,2387,2379,2372,2373,2374,2375,2381&#8243; img_size=&#8221;full&#8221; onclick=&#8221;custom_link&#8221; speed=&#8221;3000&#8243; slides_per_view=&#8221;5&#8243; autoplay=&#8221;yes&#8221; hide_pagination_control=&#8221;yes&#8221; wrap=&#8221;yes&#8221; css=&#8221;.vc_custom_1724941358027{background-position: center !important;background-repeat: no-repeat !important;background-size: cover !important;}&#8221;][\/vc_column][\/vc_row][vc_row][vc_column css=&#8221;.vc_custom_1724637167318{background-color: &#8230;<\/p>\n","protected":false},"author":2,"featured_media":0,"parent":0,"menu_order":0,"comment_status":"closed","ping_status":"closed","template":"","meta":{"footnotes":""},"class_list":["post-1680","page","type-page","status-publish","hentry"],"_links":{"self":[{"href":"https:\/\/citologiala.org\/congreso-SAC-SLAC-2025\/wp-json\/wp\/v2\/pages\/1680","targetHints":{"allow":["GET"]}}],"collection":[{"href":"https:\/\/citologiala.org\/congreso-SAC-SLAC-2025\/wp-json\/wp\/v2\/pages"}],"about":[{"href":"https:\/\/citologiala.org\/congreso-SAC-SLAC-2025\/wp-json\/wp\/v2\/types\/page"}],"author":[{"embeddable":true,"href":"https:\/\/citologiala.org\/congreso-SAC-SLAC-2025\/wp-json\/wp\/v2\/users\/2"}],"replies":[{"embeddable":true,"href":"https:\/\/citologiala.org\/congreso-SAC-SLAC-2025\/wp-json\/wp\/v2\/comments?post=1680"}],"version-history":[{"count":12,"href":"https:\/\/citologiala.org\/congreso-SAC-SLAC-2025\/wp-json\/wp\/v2\/pages\/1680\/revisions"}],"predecessor-version":[{"id":2429,"href":"https:\/\/citologiala.org\/congreso-SAC-SLAC-2025\/wp-json\/wp\/v2\/pages\/1680\/revisions\/2429"}],"wp:attachment":[{"href":"https:\/\/citologiala.org\/congreso-SAC-SLAC-2025\/wp-json\/wp\/v2\/media?parent=1680"}],"curies":[{"name":"wp","href":"https:\/\/api.w.org\/{rel}","templated":true}]}}